{"id":9833,"date":"2023-07-20T16:02:22","date_gmt":"2023-07-20T14:02:22","guid":{"rendered":"https:\/\/absoluteboat.com\/?page_id=9833"},"modified":"2024-01-08T10:39:25","modified_gmt":"2024-01-08T09:39:25","slug":"atlantis-55-a-louer-cannes","status":"publish","type":"page","link":"https:\/\/absoluteboat.com\/index.php\/atlantis-55-a-louer-cannes\/","title":{"rendered":"atlantis-55-a-louer-cannes"},"content":{"rendered":"\t\t<div data-elementor-type=\"wp-page\" data-elementor-id=\"9833\" class=\"elementor elementor-9833\">\n\t\t\t\t\t\t<section class=\"elementor-section elementor-top-section elementor-element elementor-element-1731f568 elementor-section-full_width elementor-section-stretched elementor-section-height-default elementor-section-height-default\" data-id=\"1731f568\" data-element_type=\"section\" data-e-type=\"section\" data-settings=\"{&quot;stretch_section&quot;:&quot;section-stretched&quot;}\">\n\t\t\t\t\t\t<div class=\"elementor-container elementor-column-gap-narrow\">\n\t\t\t\t\t<div class=\"elementor-column elementor-col-25 elementor-top-column elementor-element elementor-element-55c1a399\" data-id=\"55c1a399\" data-element_type=\"column\" data-e-type=\"column\">\n\t\t\t<div class=\"elementor-widget-wrap\">\n\t\t\t\t\t\t\t<\/div>\n\t\t<\/div>\n\t\t\t\t<div class=\"elementor-column elementor-col-50 elementor-top-column elementor-element elementor-element-8c3dc43\" data-id=\"8c3dc43\" data-element_type=\"column\" data-e-type=\"column\">\n\t\t\t<div class=\"elementor-widget-wrap\">\n\t\t\t\t\t\t\t<\/div>\n\t\t<\/div>\n\t\t\t\t<div class=\"elementor-column elementor-col-25 elementor-top-column elementor-element elementor-element-12fba505\" data-id=\"12fba505\" data-element_type=\"column\" data-e-type=\"column\">\n\t\t\t<div class=\"elementor-widget-wrap elementor-element-populated\">\n\t\t\t\t\t\t<div class=\"elementor-element elementor-element-336257c8 elementor-align-center elementor-hidden-phone elementor-widget elementor-widget-button\" data-id=\"336257c8\" data-element_type=\"widget\" data-e-type=\"widget\" data-widget_type=\"button.default\">\n\t\t\t\t<div class=\"elementor-widget-container\">\n\t\t\t\t\t\t\t\t\t<div class=\"elementor-button-wrapper\">\n\t\t\t\t\t<a class=\"elementor-button elementor-button-link elementor-size-xs\" href=\"https:\/\/absoluteboat.com\/index.php\/location-de-bateaux-de-moins-de-20m-a-cannes\/\">\n\t\t\t\t\t\t<span class=\"elementor-button-content-wrapper\">\n\t\t\t\t\t\t<span class=\"elementor-button-icon\">\n\t\t\t\t<i aria-hidden=\"true\" class=\"far fa-window-close\"><\/i>\t\t\t<\/span>\n\t\t\t\t\t\t\t\t\t<span class=\"elementor-button-text\">FERMER<\/span>\n\t\t\t\t\t<\/span>\n\t\t\t\t\t<\/a>\n\t\t\t\t<\/div>\n\t\t\t\t\t\t\t\t<\/div>\n\t\t\t\t<\/div>\n\t\t\t\t\t<\/div>\n\t\t<\/div>\n\t\t\t\t\t<\/div>\n\t\t<\/section>\n\t\t\t\t<section class=\"elementor-section elementor-top-section elementor-element elementor-element-483c5cfd elementor-section-stretched elementor-section-boxed elementor-section-height-default elementor-section-height-default\" data-id=\"483c5cfd\" data-element_type=\"section\" data-e-type=\"section\" data-settings=\"{&quot;stretch_section&quot;:&quot;section-stretched&quot;}\">\n\t\t\t\t\t\t<div class=\"elementor-container elementor-column-gap-default\">\n\t\t\t\t\t<div class=\"elementor-column elementor-col-100 elementor-top-column elementor-element elementor-element-7e0b460b\" data-id=\"7e0b460b\" data-element_type=\"column\" data-e-type=\"column\">\n\t\t\t<div class=\"elementor-widget-wrap elementor-element-populated\">\n\t\t\t\t\t\t<div class=\"elementor-element elementor-element-a329725 elementor-invisible elementor-widget elementor-widget-heading\" data-id=\"a329725\" data-element_type=\"widget\" data-e-type=\"widget\" data-settings=\"{&quot;_animation&quot;:&quot;fadeInUp&quot;}\" data-widget_type=\"heading.default\">\n\t\t\t\t<div class=\"elementor-widget-container\">\n\t\t\t\t\t<h2 class=\"elementor-heading-title elementor-size-default\">ATLANTIS 55<\/h2>\t\t\t\t<\/div>\n\t\t\t\t<\/div>\n\t\t\t\t\t<\/div>\n\t\t<\/div>\n\t\t\t\t\t<\/div>\n\t\t<\/section>\n\t\t\t\t<section class=\"elementor-section elementor-top-section elementor-element elementor-element-5489193b elementor-section-full_width elementor-section-stretched elementor-section-height-default elementor-section-height-default\" data-id=\"5489193b\" data-element_type=\"section\" data-e-type=\"section\" data-settings=\"{&quot;stretch_section&quot;:&quot;section-stretched&quot;}\">\n\t\t\t\t\t\t<div class=\"elementor-container elementor-column-gap-default\">\n\t\t\t\t\t<div class=\"elementor-column elementor-col-50 elementor-top-column elementor-element elementor-element-408d3bca\" data-id=\"408d3bca\" data-element_type=\"column\" data-e-type=\"column\">\n\t\t\t<div class=\"elementor-widget-wrap elementor-element-populated\">\n\t\t\t\t\t\t<div class=\"elementor-element elementor-element-3465c5c3 elementor-widget elementor-widget-shortcode\" data-id=\"3465c5c3\" data-element_type=\"widget\" data-e-type=\"widget\" data-widget_type=\"shortcode.default\">\n\t\t\t\t<div class=\"elementor-widget-container\">\n\t\t\t\t\t\t\t<div class=\"elementor-shortcode\"><\/div>\n\t\t\t\t\t\t<\/div>\n\t\t\t\t<\/div>\n\t\t\t\t\t<\/div>\n\t\t<\/div>\n\t\t\t\t<div class=\"elementor-column elementor-col-50 elementor-top-column elementor-element elementor-element-3c24a820\" data-id=\"3c24a820\" data-element_type=\"column\" data-e-type=\"column\">\n\t\t\t<div class=\"elementor-widget-wrap elementor-element-populated\">\n\t\t\t\t\t\t<div class=\"elementor-element elementor-element-598f51cd elementor-widget elementor-widget-heading\" data-id=\"598f51cd\" data-element_type=\"widget\" data-e-type=\"widget\" data-widget_type=\"heading.default\">\n\t\t\t\t<div class=\"elementor-widget-container\">\n\t\t\t\t\t<h3 class=\"elementor-heading-title elementor-size-default\">3200\u20ac \/ jour<\/h3>\t\t\t\t<\/div>\n\t\t\t\t<\/div>\n\t\t\t\t<div class=\"elementor-element elementor-element-c1a84b5 elementor-widget elementor-widget-heading\" data-id=\"c1a84b5\" data-element_type=\"widget\" data-e-type=\"widget\" data-widget_type=\"heading.default\">\n\t\t\t\t<div class=\"elementor-widget-container\">\n\t\t\t\t\t<h3 class=\"elementor-heading-title elementor-size-default\">19200\u20ac \/ semaine<\/h3>\t\t\t\t<\/div>\n\t\t\t\t<\/div>\n\t\t\t\t<div class=\"elementor-element elementor-element-88ee173 elementor-widget-divider--view-line elementor-widget elementor-widget-divider\" data-id=\"88ee173\" data-element_type=\"widget\" data-e-type=\"widget\" data-widget_type=\"divider.default\">\n\t\t\t\t<div class=\"elementor-widget-container\">\n\t\t\t\t\t\t\t<div class=\"elementor-divider\">\n\t\t\t<span class=\"elementor-divider-separator\">\n\t\t\t\t\t\t<\/span>\n\t\t<\/div>\n\t\t\t\t\t\t<\/div>\n\t\t\t\t<\/div>\n\t\t\t\t<div class=\"elementor-element elementor-element-647d8bd9 elementor-widget elementor-widget-text-editor\" data-id=\"647d8bd9\" data-element_type=\"widget\" data-e-type=\"widget\" data-widget_type=\"text-editor.default\">\n\t\t\t\t<div class=\"elementor-widget-container\">\n\t\t\t\t\t\t\t\t\t<p style=\"padding-left: 40px;\">LONGUEUR : 16,70m<\/p><p style=\"padding-left: 40px;\">PASSAGERS: 9<\/p><p style=\"padding-left: 40px;\">\u00c9QUIPAGE: 1<\/p><p style=\"padding-left: 40px;\">CABINES: 3<\/p><p style=\"padding-left: 40px;\">CARBURANT: Diesel<\/p><p style=\"padding-left: 40px;\">EQUIPEMENTS: Douche de pont \/ Frigo \/ Hifi<\/p><p style=\"padding-left: 40px;\">Tarif : Il ne comprend ni les frais d\u2019avitaillement, ni les frais de carburant ainsi que les \u00e9ventuelles taxes<\/p>\t\t\t\t\t\t\t\t<\/div>\n\t\t\t\t<\/div>\n\t\t\t\t<div class=\"elementor-element elementor-element-5cdd71ac elementor-widget elementor-widget-spacer\" data-id=\"5cdd71ac\" data-element_type=\"widget\" data-e-type=\"widget\" data-widget_type=\"spacer.default\">\n\t\t\t\t<div class=\"elementor-widget-container\">\n\t\t\t\t\t\t\t<div class=\"elementor-spacer\">\n\t\t\t<div class=\"elementor-spacer-inner\"><\/div>\n\t\t<\/div>\n\t\t\t\t\t\t<\/div>\n\t\t\t\t<\/div>\n\t\t\t\t<section class=\"elementor-section elementor-inner-section elementor-element elementor-element-3b72b2af elementor-section-boxed elementor-section-height-default elementor-section-height-default\" data-id=\"3b72b2af\" data-element_type=\"section\" data-e-type=\"section\">\n\t\t\t\t\t\t<div class=\"elementor-container elementor-column-gap-default\">\n\t\t\t\t\t<div class=\"elementor-column elementor-col-50 elementor-inner-column elementor-element elementor-element-4ca372a9\" data-id=\"4ca372a9\" data-element_type=\"column\" data-e-type=\"column\">\n\t\t\t<div class=\"elementor-widget-wrap elementor-element-populated\">\n\t\t\t\t\t\t<div class=\"elementor-element elementor-element-71c0fd1b elementor-align-justify elementor-widget elementor-widget-button\" data-id=\"71c0fd1b\" data-element_type=\"widget\" data-e-type=\"widget\" data-widget_type=\"button.default\">\n\t\t\t\t<div class=\"elementor-widget-container\">\n\t\t\t\t\t\t\t\t\t<div class=\"elementor-button-wrapper\">\n\t\t\t\t\t<a class=\"elementor-button elementor-button-link elementor-size-xs\" href=\"tel:+33611733056\">\n\t\t\t\t\t\t<span class=\"elementor-button-content-wrapper\">\n\t\t\t\t\t\t<span class=\"elementor-button-icon\">\n\t\t\t\t<i aria-hidden=\"true\" class=\"fas fa-phone-volume\"><\/i>\t\t\t<\/span>\n\t\t\t\t\t\t\t\t\t<span class=\"elementor-button-text\">APPELER<\/span>\n\t\t\t\t\t<\/span>\n\t\t\t\t\t<\/a>\n\t\t\t\t<\/div>\n\t\t\t\t\t\t\t\t<\/div>\n\t\t\t\t<\/div>\n\t\t\t\t\t<\/div>\n\t\t<\/div>\n\t\t\t\t<div class=\"elementor-column elementor-col-50 elementor-inner-column elementor-element elementor-element-833c30\" data-id=\"833c30\" data-element_type=\"column\" data-e-type=\"column\">\n\t\t\t<div class=\"elementor-widget-wrap elementor-element-populated\">\n\t\t\t\t\t\t<div class=\"elementor-element elementor-element-65a6c388 elementor-align-justify elementor-widget elementor-widget-button\" data-id=\"65a6c388\" data-element_type=\"widget\" data-e-type=\"widget\" data-widget_type=\"button.default\">\n\t\t\t\t<div class=\"elementor-widget-container\">\n\t\t\t\t\t\t\t\t\t<div class=\"elementor-button-wrapper\">\n\t\t\t\t\t<a class=\"elementor-button elementor-button-link elementor-size-xs\" href=\"mailto:contact@absoluteboat.com?subject=Atlantis%2055\" mangusta=\"\">\n\t\t\t\t\t\t<span class=\"elementor-button-content-wrapper\">\n\t\t\t\t\t\t<span class=\"elementor-button-icon\">\n\t\t\t\t<i aria-hidden=\"true\" class=\"fas fa-at\"><\/i>\t\t\t<\/span>\n\t\t\t\t\t\t\t\t\t<span class=\"elementor-button-text\">CONTACT<\/span>\n\t\t\t\t\t<\/span>\n\t\t\t\t\t<\/a>\n\t\t\t\t<\/div>\n\t\t\t\t\t\t\t\t<\/div>\n\t\t\t\t<\/div>\n\t\t\t\t\t<\/div>\n\t\t<\/div>\n\t\t\t\t\t<\/div>\n\t\t<\/section>\n\t\t\t\t\t<\/div>\n\t\t<\/div>\n\t\t\t\t\t<\/div>\n\t\t<\/section>\n\t\t\t\t<section class=\"elementor-section elementor-top-section elementor-element elementor-element-7c1fbd25 elementor-section-full_width elementor-section-height-default elementor-section-height-default\" data-id=\"7c1fbd25\" data-element_type=\"section\" data-e-type=\"section\">\n\t\t\t\t\t\t<div class=\"elementor-container elementor-column-gap-default\">\n\t\t\t\t\t<div class=\"elementor-column elementor-col-33 elementor-top-column elementor-element elementor-element-6b79bd14\" data-id=\"6b79bd14\" data-element_type=\"column\" data-e-type=\"column\">\n\t\t\t<div class=\"elementor-widget-wrap\">\n\t\t\t\t\t\t\t<\/div>\n\t\t<\/div>\n\t\t\t\t<div class=\"elementor-column elementor-col-33 elementor-top-column elementor-element elementor-element-38a95c71\" data-id=\"38a95c71\" data-element_type=\"column\" data-e-type=\"column\">\n\t\t\t<div class=\"elementor-widget-wrap elementor-element-populated\">\n\t\t\t\t\t\t<div class=\"elementor-element elementor-element-4325508e elementor-align-center elementor-hidden-desktop elementor-hidden-tablet elementor-widget elementor-widget-button\" data-id=\"4325508e\" data-element_type=\"widget\" data-e-type=\"widget\" data-widget_type=\"button.default\">\n\t\t\t\t<div class=\"elementor-widget-container\">\n\t\t\t\t\t\t\t\t\t<div class=\"elementor-button-wrapper\">\n\t\t\t\t\t<a class=\"elementor-button elementor-button-link elementor-size-xs\" href=\"https:\/\/absoluteboat.com\/index.php\/location-de-bateaux-de-moins-de-20m-a-cannes\/\">\n\t\t\t\t\t\t<span class=\"elementor-button-content-wrapper\">\n\t\t\t\t\t\t<span class=\"elementor-button-icon\">\n\t\t\t\t<i aria-hidden=\"true\" class=\"far fa-window-close\"><\/i>\t\t\t<\/span>\n\t\t\t\t\t\t\t\t\t<span class=\"elementor-button-text\">FERMER<\/span>\n\t\t\t\t\t<\/span>\n\t\t\t\t\t<\/a>\n\t\t\t\t<\/div>\n\t\t\t\t\t\t\t\t<\/div>\n\t\t\t\t<\/div>\n\t\t\t\t\t<\/div>\n\t\t<\/div>\n\t\t\t\t<div class=\"elementor-column elementor-col-33 elementor-top-column elementor-element elementor-element-55580b29\" data-id=\"55580b29\" data-element_type=\"column\" data-e-type=\"column\">\n\t\t\t<div class=\"elementor-widget-wrap\">\n\t\t\t\t\t\t\t<\/div>\n\t\t<\/div>\n\t\t\t\t\t<\/div>\n\t\t<\/section>\n\t\t\t\t<section class=\"elementor-section elementor-top-section elementor-element elementor-element-b31a1cd elementor-section-boxed elementor-section-height-default elementor-section-height-default\" data-id=\"b31a1cd\" data-element_type=\"section\" data-e-type=\"section\">\n\t\t\t\t\t\t<div class=\"elementor-container elementor-column-gap-default\">\n\t\t\t\t\t<div class=\"elementor-column elementor-col-100 elementor-top-column elementor-element elementor-element-673a5c13\" data-id=\"673a5c13\" data-element_type=\"column\" data-e-type=\"column\">\n\t\t\t<div class=\"elementor-widget-wrap elementor-element-populated\">\n\t\t\t\t\t\t<div class=\"elementor-element elementor-element-438a695a elementor-widget elementor-widget-spacer\" data-id=\"438a695a\" data-element_type=\"widget\" data-e-type=\"widget\" data-widget_type=\"spacer.default\">\n\t\t\t\t<div class=\"elementor-widget-container\">\n\t\t\t\t\t\t\t<div class=\"elementor-spacer\">\n\t\t\t<div class=\"elementor-spacer-inner\"><\/div>\n\t\t<\/div>\n\t\t\t\t\t\t<\/div>\n\t\t\t\t<\/div>\n\t\t\t\t\t<\/div>\n\t\t<\/div>\n\t\t\t\t\t<\/div>\n\t\t<\/section>\n\t\t\t\t<section class=\"elementor-section elementor-top-section elementor-element elementor-element-e8fd943 elementor-section-full_width elementor-section-stretched elementor-section-height-default elementor-section-height-default\" data-id=\"e8fd943\" data-element_type=\"section\" data-e-type=\"section\" data-settings=\"{&quot;stretch_section&quot;:&quot;section-stretched&quot;}\">\n\t\t\t\t\t\t<div class=\"elementor-container elementor-column-gap-default\">\n\t\t\t\t\t<div class=\"elementor-column elementor-col-100 elementor-top-column elementor-element elementor-element-5b4e686c\" data-id=\"5b4e686c\" data-element_type=\"column\" data-e-type=\"column\">\n\t\t\t<div class=\"elementor-widget-wrap elementor-element-populated\">\n\t\t\t\t\t\t<div class=\"elementor-element elementor-element-743f2530 elementor-widget elementor-widget-sina_content_box\" data-id=\"743f2530\" data-element_type=\"widget\" data-e-type=\"widget\" data-widget_type=\"sina_content_box.default\">\n\t\t\t\t<div class=\"elementor-widget-container\">\n\t\t\t\t\t\t\t<div class=\"sina-content-box clearfix sina-content-box-move \">\r\n\r\n\t\t\t\r\n\t\t\t\r\n\t\t\t\t\t\t\t\t\r\n\t\t\t\t\t<div class=\"sina-content-box-content\">\r\n\t\t\t\t\t\t\t\t\t\t\t\t\t<h3 class=\"sina-content-box-title\">\r\n\t\t\t\t\t\t\t\t\t\t\t\t\t\t\t\t\tAbsolute Boat C\u00f4te d'Azur\t\t\t\t\t\t\t\t\t\t\t\t\t\t\t<\/h3>\r\n\t\t\t\t\t\t\r\n\t\t\t\t\t\t\t\t\t\t\t\t\t<div class=\"sina-content-box-desc\">Location de bateaux et de yachts sur la C\u00f4te d'Azur depuis 2004.<\/div>\t\t\t\t\t\t\r\n\t\t\t\t\t\t\t\t\t\t\t<\/div>\r\n\t\t\t\t\t<\/div><!-- .sina-content-box -->\r\n\t\t\t\t\t\t<\/div>\n\t\t\t\t<\/div>\n\t\t\t\t\t<\/div>\n\t\t<\/div>\n\t\t\t\t\t<\/div>\n\t\t<\/section>\n\t\t\t\t<\/div>\n\t\t","protected":false},"excerpt":{"rendered":"<p>FERMER ATLANTIS 55 3200\u20ac \/ jour 19200\u20ac \/ semaine LONGUEUR : 16,70m PASSAGERS: 9 \u00c9QUIPAGE: 1 CABINES: 3 CARBURANT: Diesel EQUIPEMENTS: Douche de pont \/ Frigo \/ Hifi Tarif : Il ne comprend ni les frais d\u2019avitaillement, ni les frais de carburant ainsi que les \u00e9ventuelles taxes APPELER CONTACT FERMER Absolute Boat C\u00f4te d&rsquo;Azur Location [&hellip;]<\/p>\n","protected":false},"author":1,"featured_media":0,"parent":0,"menu_order":0,"comment_status":"closed","ping_status":"closed","template":"","meta":{"footnotes":""},"class_list":["post-9833","page","type-page","status-publish","hentry","entry"],"yoast_head":"<!-- This site is optimized with the Yoast SEO plugin v27.5 - https:\/\/yoast.com\/product\/yoast-seo-wordpress\/ -->\n<title>Atlantis 55 \u00e0 louer \u00e0 Cannes | Absolute Boat<\/title>\n<meta name=\"description\" content=\"Atlantis 55 disponible \u00e0 la location. Ce bateau open peut embarquer jusqu&#039;\u00e0 9 personnes pour des sorties en mer sur Cnnes, St Tropez ou Monaco\" \/>\n<meta name=\"robots\" content=\"index, follow, max-snippet:-1, max-image-preview:large, max-video-preview:-1\" \/>\n<link rel=\"canonical\" href=\"https:\/\/absoluteboat.com\/index.php\/atlantis-55-a-louer-cannes\/\" \/>\n<meta property=\"og:locale\" content=\"fr_FR\" \/>\n<meta property=\"og:type\" content=\"article\" \/>\n<meta property=\"og:title\" content=\"Atlantis 55 \u00e0 louer \u00e0 Cannes | Absolute Boat\" \/>\n<meta property=\"og:description\" content=\"Atlantis 55 disponible \u00e0 la location. Ce bateau open peut embarquer jusqu&#039;\u00e0 9 personnes pour des sorties en mer sur Cnnes, St Tropez ou Monaco\" \/>\n<meta property=\"og:url\" content=\"https:\/\/absoluteboat.com\/index.php\/atlantis-55-a-louer-cannes\/\" \/>\n<meta property=\"og:site_name\" content=\"ABSOLUTE BOAT\" \/>\n<meta property=\"article:publisher\" content=\"https:\/\/www.facebook.com\/AbsoluteBoatCoteDazur\" \/>\n<meta property=\"article:modified_time\" content=\"2024-01-08T09:39:25+00:00\" \/>\n<meta name=\"twitter:card\" content=\"summary_large_image\" \/>\n<meta name=\"twitter:site\" content=\"@absoluteboat\" \/>\n<meta name=\"twitter:label1\" content=\"Dur\u00e9e de lecture estim\u00e9e\" \/>\n\t<meta name=\"twitter:data1\" content=\"1 minute\" \/>\n<script type=\"application\/ld+json\" class=\"yoast-schema-graph\">{\"@context\":\"https:\\\/\\\/schema.org\",\"@graph\":[{\"@type\":\"WebPage\",\"@id\":\"https:\\\/\\\/absoluteboat.com\\\/index.php\\\/atlantis-55-a-louer-cannes\\\/\",\"url\":\"https:\\\/\\\/absoluteboat.com\\\/index.php\\\/atlantis-55-a-louer-cannes\\\/\",\"name\":\"Atlantis 55 \u00e0 louer \u00e0 Cannes | Absolute Boat\",\"isPartOf\":{\"@id\":\"https:\\\/\\\/absoluteboat.com\\\/#website\"},\"datePublished\":\"2023-07-20T14:02:22+00:00\",\"dateModified\":\"2024-01-08T09:39:25+00:00\",\"description\":\"Atlantis 55 disponible \u00e0 la location. Ce bateau open peut embarquer jusqu'\u00e0 9 personnes pour des sorties en mer sur Cnnes, St Tropez ou Monaco\",\"breadcrumb\":{\"@id\":\"https:\\\/\\\/absoluteboat.com\\\/index.php\\\/atlantis-55-a-louer-cannes\\\/#breadcrumb\"},\"inLanguage\":\"fr-FR\",\"potentialAction\":[{\"@type\":\"ReadAction\",\"target\":[\"https:\\\/\\\/absoluteboat.com\\\/index.php\\\/atlantis-55-a-louer-cannes\\\/\"]}]},{\"@type\":\"BreadcrumbList\",\"@id\":\"https:\\\/\\\/absoluteboat.com\\\/index.php\\\/atlantis-55-a-louer-cannes\\\/#breadcrumb\",\"itemListElement\":[{\"@type\":\"ListItem\",\"position\":1,\"name\":\"Accueil\",\"item\":\"https:\\\/\\\/absoluteboat.com\\\/\"},{\"@type\":\"ListItem\",\"position\":2,\"name\":\"atlantis-55-a-louer-cannes\"}]},{\"@type\":\"WebSite\",\"@id\":\"https:\\\/\\\/absoluteboat.com\\\/#website\",\"url\":\"https:\\\/\\\/absoluteboat.com\\\/\",\"name\":\"ABSOLUTE BOAT\",\"description\":\"Location de bateaux et de yacht \u00e0 Cannes\",\"publisher\":{\"@id\":\"https:\\\/\\\/absoluteboat.com\\\/#organization\"},\"potentialAction\":[{\"@type\":\"SearchAction\",\"target\":{\"@type\":\"EntryPoint\",\"urlTemplate\":\"https:\\\/\\\/absoluteboat.com\\\/?s={search_term_string}\"},\"query-input\":{\"@type\":\"PropertyValueSpecification\",\"valueRequired\":true,\"valueName\":\"search_term_string\"}}],\"inLanguage\":\"fr-FR\"},{\"@type\":\"Organization\",\"@id\":\"https:\\\/\\\/absoluteboat.com\\\/#organization\",\"name\":\"ABSOLUTE BOAT\",\"url\":\"https:\\\/\\\/absoluteboat.com\\\/\",\"logo\":{\"@type\":\"ImageObject\",\"inLanguage\":\"fr-FR\",\"@id\":\"https:\\\/\\\/absoluteboat.com\\\/#\\\/schema\\\/logo\\\/image\\\/\",\"url\":\"https:\\\/\\\/absoluteboat.com\\\/wp-content\\\/uploads\\\/2021\\\/04\\\/absoluteLogoSite.png\",\"contentUrl\":\"https:\\\/\\\/absoluteboat.com\\\/wp-content\\\/uploads\\\/2021\\\/04\\\/absoluteLogoSite.png\",\"width\":1263,\"height\":123,\"caption\":\"ABSOLUTE BOAT\"},\"image\":{\"@id\":\"https:\\\/\\\/absoluteboat.com\\\/#\\\/schema\\\/logo\\\/image\\\/\"},\"sameAs\":[\"https:\\\/\\\/www.facebook.com\\\/AbsoluteBoatCoteDazur\",\"https:\\\/\\\/x.com\\\/absoluteboat\",\"https:\\\/\\\/www.instagram.com\\\/absoluteboatcannes\\\/\",\"https:\\\/\\\/www.tiktok.com\\\/@absoluteboat\",\"https:\\\/\\\/www.linkedin.com\\\/company\\\/absolute-boat-cote-dazur?trk=similar-pages_result-card_full-click\"]}]}<\/script>\n<!-- \/ Yoast SEO plugin. -->","yoast_head_json":{"title":"Atlantis 55 \u00e0 louer \u00e0 Cannes | Absolute Boat","description":"Atlantis 55 disponible \u00e0 la location. Ce bateau open peut embarquer jusqu'\u00e0 9 personnes pour des sorties en mer sur Cnnes, St Tropez ou Monaco","robots":{"index":"index","follow":"follow","max-snippet":"max-snippet:-1","max-image-preview":"max-image-preview:large","max-video-preview":"max-video-preview:-1"},"canonical":"https:\/\/absoluteboat.com\/index.php\/atlantis-55-a-louer-cannes\/","og_locale":"fr_FR","og_type":"article","og_title":"Atlantis 55 \u00e0 louer \u00e0 Cannes | Absolute Boat","og_description":"Atlantis 55 disponible \u00e0 la location. Ce bateau open peut embarquer jusqu'\u00e0 9 personnes pour des sorties en mer sur Cnnes, St Tropez ou Monaco","og_url":"https:\/\/absoluteboat.com\/index.php\/atlantis-55-a-louer-cannes\/","og_site_name":"ABSOLUTE BOAT","article_publisher":"https:\/\/www.facebook.com\/AbsoluteBoatCoteDazur","article_modified_time":"2024-01-08T09:39:25+00:00","twitter_card":"summary_large_image","twitter_site":"@absoluteboat","twitter_misc":{"Dur\u00e9e de lecture estim\u00e9e":"1 minute"},"schema":{"@context":"https:\/\/schema.org","@graph":[{"@type":"WebPage","@id":"https:\/\/absoluteboat.com\/index.php\/atlantis-55-a-louer-cannes\/","url":"https:\/\/absoluteboat.com\/index.php\/atlantis-55-a-louer-cannes\/","name":"Atlantis 55 \u00e0 louer \u00e0 Cannes | Absolute Boat","isPartOf":{"@id":"https:\/\/absoluteboat.com\/#website"},"datePublished":"2023-07-20T14:02:22+00:00","dateModified":"2024-01-08T09:39:25+00:00","description":"Atlantis 55 disponible \u00e0 la location. Ce bateau open peut embarquer jusqu'\u00e0 9 personnes pour des sorties en mer sur Cnnes, St Tropez ou Monaco","breadcrumb":{"@id":"https:\/\/absoluteboat.com\/index.php\/atlantis-55-a-louer-cannes\/#breadcrumb"},"inLanguage":"fr-FR","potentialAction":[{"@type":"ReadAction","target":["https:\/\/absoluteboat.com\/index.php\/atlantis-55-a-louer-cannes\/"]}]},{"@type":"BreadcrumbList","@id":"https:\/\/absoluteboat.com\/index.php\/atlantis-55-a-louer-cannes\/#breadcrumb","itemListElement":[{"@type":"ListItem","position":1,"name":"Accueil","item":"https:\/\/absoluteboat.com\/"},{"@type":"ListItem","position":2,"name":"atlantis-55-a-louer-cannes"}]},{"@type":"WebSite","@id":"https:\/\/absoluteboat.com\/#website","url":"https:\/\/absoluteboat.com\/","name":"ABSOLUTE BOAT","description":"Location de bateaux et de yacht \u00e0 Cannes","publisher":{"@id":"https:\/\/absoluteboat.com\/#organization"},"potentialAction":[{"@type":"SearchAction","target":{"@type":"EntryPoint","urlTemplate":"https:\/\/absoluteboat.com\/?s={search_term_string}"},"query-input":{"@type":"PropertyValueSpecification","valueRequired":true,"valueName":"search_term_string"}}],"inLanguage":"fr-FR"},{"@type":"Organization","@id":"https:\/\/absoluteboat.com\/#organization","name":"ABSOLUTE BOAT","url":"https:\/\/absoluteboat.com\/","logo":{"@type":"ImageObject","inLanguage":"fr-FR","@id":"https:\/\/absoluteboat.com\/#\/schema\/logo\/image\/","url":"https:\/\/absoluteboat.com\/wp-content\/uploads\/2021\/04\/absoluteLogoSite.png","contentUrl":"https:\/\/absoluteboat.com\/wp-content\/uploads\/2021\/04\/absoluteLogoSite.png","width":1263,"height":123,"caption":"ABSOLUTE BOAT"},"image":{"@id":"https:\/\/absoluteboat.com\/#\/schema\/logo\/image\/"},"sameAs":["https:\/\/www.facebook.com\/AbsoluteBoatCoteDazur","https:\/\/x.com\/absoluteboat","https:\/\/www.instagram.com\/absoluteboatcannes\/","https:\/\/www.tiktok.com\/@absoluteboat","https:\/\/www.linkedin.com\/company\/absolute-boat-cote-dazur?trk=similar-pages_result-card_full-click"]}]}},"_links":{"self":[{"href":"https:\/\/absoluteboat.com\/index.php\/wp-json\/wp\/v2\/pages\/9833","targetHints":{"allow":["GET"]}}],"collection":[{"href":"https:\/\/absoluteboat.com\/index.php\/wp-json\/wp\/v2\/pages"}],"about":[{"href":"https:\/\/absoluteboat.com\/index.php\/wp-json\/wp\/v2\/types\/page"}],"author":[{"embeddable":true,"href":"https:\/\/absoluteboat.com\/index.php\/wp-json\/wp\/v2\/users\/1"}],"replies":[{"embeddable":true,"href":"https:\/\/absoluteboat.com\/index.php\/wp-json\/wp\/v2\/comments?post=9833"}],"version-history":[{"count":35,"href":"https:\/\/absoluteboat.com\/index.php\/wp-json\/wp\/v2\/pages\/9833\/revisions"}],"predecessor-version":[{"id":11822,"href":"https:\/\/absoluteboat.com\/index.php\/wp-json\/wp\/v2\/pages\/9833\/revisions\/11822"}],"wp:attachment":[{"href":"https:\/\/absoluteboat.com\/index.php\/wp-json\/wp\/v2\/media?parent=9833"}],"curies":[{"name":"wp","href":"https:\/\/api.w.org\/{rel}","templated":true}]}}