{"id":3168,"date":"2021-04-16T00:45:31","date_gmt":"2021-04-15T22:45:31","guid":{"rendered":"https:\/\/absoluteboat.com\/?page_id=3168"},"modified":"2024-01-11T18:42:50","modified_gmt":"2024-01-11T17:42:50","slug":"yacht-40m-a-louer-cannes","status":"publish","type":"page","link":"https:\/\/absoluteboat.com\/index.php\/yacht-40m-a-louer-cannes\/","title":{"rendered":"yacht-40m-a-louer-cannes"},"content":{"rendered":"\t\t<div data-elementor-type=\"wp-page\" data-elementor-id=\"3168\" class=\"elementor elementor-3168\">\n\t\t\t\t\t\t<section class=\"elementor-section elementor-top-section elementor-element elementor-element-44726ce3 elementor-section-full_width elementor-section-stretched elementor-section-height-default elementor-section-height-default\" data-id=\"44726ce3\" data-element_type=\"section\" data-e-type=\"section\" data-settings=\"{&quot;stretch_section&quot;:&quot;section-stretched&quot;}\">\n\t\t\t\t\t\t<div class=\"elementor-container elementor-column-gap-narrow\">\n\t\t\t\t\t<div class=\"elementor-column elementor-col-25 elementor-top-column elementor-element elementor-element-3aa0a7dd\" data-id=\"3aa0a7dd\" data-element_type=\"column\" data-e-type=\"column\">\n\t\t\t<div class=\"elementor-widget-wrap\">\n\t\t\t\t\t\t\t<\/div>\n\t\t<\/div>\n\t\t\t\t<div class=\"elementor-column elementor-col-50 elementor-top-column elementor-element elementor-element-7a1c795\" data-id=\"7a1c795\" data-element_type=\"column\" data-e-type=\"column\">\n\t\t\t<div class=\"elementor-widget-wrap\">\n\t\t\t\t\t\t\t<\/div>\n\t\t<\/div>\n\t\t\t\t<div class=\"elementor-column elementor-col-25 elementor-top-column elementor-element elementor-element-63a1f0fd\" data-id=\"63a1f0fd\" data-element_type=\"column\" data-e-type=\"column\">\n\t\t\t<div class=\"elementor-widget-wrap elementor-element-populated\">\n\t\t\t\t\t\t<div class=\"elementor-element elementor-element-77b2c1a7 elementor-align-center elementor-hidden-phone elementor-widget elementor-widget-button\" data-id=\"77b2c1a7\" data-element_type=\"widget\" data-e-type=\"widget\" data-widget_type=\"button.default\">\n\t\t\t\t<div class=\"elementor-widget-container\">\n\t\t\t\t\t\t\t\t\t<div class=\"elementor-button-wrapper\">\n\t\t\t\t\t<a class=\"elementor-button elementor-button-link elementor-size-xs\" href=\"https:\/\/absoluteboat.com\/index.php\/location-de-mega-yacht-cannes\/\">\n\t\t\t\t\t\t<span class=\"elementor-button-content-wrapper\">\n\t\t\t\t\t\t<span class=\"elementor-button-icon\">\n\t\t\t\t<i aria-hidden=\"true\" class=\"far fa-window-close\"><\/i>\t\t\t<\/span>\n\t\t\t\t\t\t\t\t\t<span class=\"elementor-button-text\">FERMER<\/span>\n\t\t\t\t\t<\/span>\n\t\t\t\t\t<\/a>\n\t\t\t\t<\/div>\n\t\t\t\t\t\t\t\t<\/div>\n\t\t\t\t<\/div>\n\t\t\t\t\t<\/div>\n\t\t<\/div>\n\t\t\t\t\t<\/div>\n\t\t<\/section>\n\t\t\t\t<section class=\"elementor-section elementor-top-section elementor-element elementor-element-4301a56b elementor-section-stretched elementor-section-boxed elementor-section-height-default elementor-section-height-default\" data-id=\"4301a56b\" data-element_type=\"section\" data-e-type=\"section\" data-settings=\"{&quot;stretch_section&quot;:&quot;section-stretched&quot;}\">\n\t\t\t\t\t\t<div class=\"elementor-container elementor-column-gap-default\">\n\t\t\t\t\t<div class=\"elementor-column elementor-col-100 elementor-top-column elementor-element elementor-element-6a195715\" data-id=\"6a195715\" data-element_type=\"column\" data-e-type=\"column\">\n\t\t\t<div class=\"elementor-widget-wrap elementor-element-populated\">\n\t\t\t\t\t\t<div class=\"elementor-element elementor-element-48401fea elementor-invisible elementor-widget elementor-widget-heading\" data-id=\"48401fea\" data-element_type=\"widget\" data-e-type=\"widget\" data-settings=\"{&quot;_animation&quot;:&quot;fadeInUp&quot;}\" data-widget_type=\"heading.default\">\n\t\t\t\t<div class=\"elementor-widget-container\">\n\t\t\t\t\t<h2 class=\"elementor-heading-title elementor-size-default\">SUPERFUN<\/h2>\t\t\t\t<\/div>\n\t\t\t\t<\/div>\n\t\t\t\t\t<\/div>\n\t\t<\/div>\n\t\t\t\t\t<\/div>\n\t\t<\/section>\n\t\t\t\t<section class=\"elementor-section elementor-top-section elementor-element elementor-element-260c4d37 elementor-section-full_width elementor-section-stretched elementor-section-height-default elementor-section-height-default\" data-id=\"260c4d37\" data-element_type=\"section\" data-e-type=\"section\" data-settings=\"{&quot;stretch_section&quot;:&quot;section-stretched&quot;}\">\n\t\t\t\t\t\t<div class=\"elementor-container elementor-column-gap-default\">\n\t\t\t\t\t<div class=\"elementor-column elementor-col-50 elementor-top-column elementor-element elementor-element-1b341d9\" data-id=\"1b341d9\" data-element_type=\"column\" data-e-type=\"column\">\n\t\t\t<div class=\"elementor-widget-wrap elementor-element-populated\">\n\t\t\t\t\t\t<div class=\"elementor-element elementor-element-3e7fb1b3 elementor-widget elementor-widget-shortcode\" data-id=\"3e7fb1b3\" data-element_type=\"widget\" data-e-type=\"widget\" data-widget_type=\"shortcode.default\">\n\t\t\t\t<div class=\"elementor-widget-container\">\n\t\t\t\t\t\t\t<div class=\"elementor-shortcode\"><\/div>\n\t\t\t\t\t\t<\/div>\n\t\t\t\t<\/div>\n\t\t\t\t\t<\/div>\n\t\t<\/div>\n\t\t\t\t<div class=\"elementor-column elementor-col-50 elementor-top-column elementor-element elementor-element-338b92cd\" data-id=\"338b92cd\" data-element_type=\"column\" data-e-type=\"column\">\n\t\t\t<div class=\"elementor-widget-wrap elementor-element-populated\">\n\t\t\t\t\t\t<div class=\"elementor-element elementor-element-69026ee9 elementor-widget elementor-widget-heading\" data-id=\"69026ee9\" data-element_type=\"widget\" data-e-type=\"widget\" data-widget_type=\"heading.default\">\n\t\t\t\t<div class=\"elementor-widget-container\">\n\t\t\t\t\t<h3 class=\"elementor-heading-title elementor-size-default\">66250\u20ac HT \/ semaine +TVA<\/h3>\t\t\t\t<\/div>\n\t\t\t\t<\/div>\n\t\t\t\t<div class=\"elementor-element elementor-element-4ef7f955 elementor-widget-divider--view-line elementor-widget elementor-widget-divider\" data-id=\"4ef7f955\" data-element_type=\"widget\" data-e-type=\"widget\" data-widget_type=\"divider.default\">\n\t\t\t\t<div class=\"elementor-widget-container\">\n\t\t\t\t\t\t\t<div class=\"elementor-divider\">\n\t\t\t<span class=\"elementor-divider-separator\">\n\t\t\t\t\t\t<\/span>\n\t\t<\/div>\n\t\t\t\t\t\t<\/div>\n\t\t\t\t<\/div>\n\t\t\t\t<div class=\"elementor-element elementor-element-1d13693 elementor-widget elementor-widget-text-editor\" data-id=\"1d13693\" data-element_type=\"widget\" data-e-type=\"widget\" data-widget_type=\"text-editor.default\">\n\t\t\t\t<div class=\"elementor-widget-container\">\n\t\t\t\t\t\t\t\t\t<p style=\"padding-left: 40px;\">LONGUEUR : 40,27m<\/p><p style=\"padding-left: 40px;\">PASSAGERS: 10<\/p><p style=\"padding-left: 40px;\">\u00c9QUIPAGE: 8<\/p><p style=\"padding-left: 40px;\">CABINES: 5<\/p><p style=\"padding-left: 40px;\">CARBURANT: Diesel<\/p><p style=\"padding-left: 40px;\">EQUIPEMENTS: Douche de pont \/ Salle de fitness \/ TV \/ HIFI<\/p><p style=\"padding-left: 40px;\">Tarif : Il ne comprend ni les frais d\u2019avitaillement, ni les frais de carburant ainsi que les \u00e9ventuelles taxes<\/p>\t\t\t\t\t\t\t\t<\/div>\n\t\t\t\t<\/div>\n\t\t\t\t<div class=\"elementor-element elementor-element-49012959 elementor-widget elementor-widget-spacer\" data-id=\"49012959\" data-element_type=\"widget\" data-e-type=\"widget\" data-widget_type=\"spacer.default\">\n\t\t\t\t<div class=\"elementor-widget-container\">\n\t\t\t\t\t\t\t<div class=\"elementor-spacer\">\n\t\t\t<div class=\"elementor-spacer-inner\"><\/div>\n\t\t<\/div>\n\t\t\t\t\t\t<\/div>\n\t\t\t\t<\/div>\n\t\t\t\t<section class=\"elementor-section elementor-inner-section elementor-element elementor-element-6e6ab94a elementor-section-boxed elementor-section-height-default elementor-section-height-default\" data-id=\"6e6ab94a\" data-element_type=\"section\" data-e-type=\"section\">\n\t\t\t\t\t\t<div class=\"elementor-container elementor-column-gap-default\">\n\t\t\t\t\t<div class=\"elementor-column elementor-col-50 elementor-inner-column elementor-element elementor-element-34658377\" data-id=\"34658377\" data-element_type=\"column\" data-e-type=\"column\">\n\t\t\t<div class=\"elementor-widget-wrap elementor-element-populated\">\n\t\t\t\t\t\t<div class=\"elementor-element elementor-element-17f50d12 elementor-align-justify elementor-widget elementor-widget-button\" data-id=\"17f50d12\" data-element_type=\"widget\" data-e-type=\"widget\" data-widget_type=\"button.default\">\n\t\t\t\t<div class=\"elementor-widget-container\">\n\t\t\t\t\t\t\t\t\t<div class=\"elementor-button-wrapper\">\n\t\t\t\t\t<a class=\"elementor-button elementor-button-link elementor-size-xs\" href=\"tel:+33611733056\">\n\t\t\t\t\t\t<span class=\"elementor-button-content-wrapper\">\n\t\t\t\t\t\t<span class=\"elementor-button-icon\">\n\t\t\t\t<i aria-hidden=\"true\" class=\"fas fa-phone-volume\"><\/i>\t\t\t<\/span>\n\t\t\t\t\t\t\t\t\t<span class=\"elementor-button-text\">APPELER<\/span>\n\t\t\t\t\t<\/span>\n\t\t\t\t\t<\/a>\n\t\t\t\t<\/div>\n\t\t\t\t\t\t\t\t<\/div>\n\t\t\t\t<\/div>\n\t\t\t\t\t<\/div>\n\t\t<\/div>\n\t\t\t\t<div class=\"elementor-column elementor-col-50 elementor-inner-column elementor-element elementor-element-3ea9994c\" data-id=\"3ea9994c\" data-element_type=\"column\" data-e-type=\"column\">\n\t\t\t<div class=\"elementor-widget-wrap elementor-element-populated\">\n\t\t\t\t\t\t<div class=\"elementor-element elementor-element-2f56c738 elementor-align-justify elementor-widget elementor-widget-button\" data-id=\"2f56c738\" data-element_type=\"widget\" data-e-type=\"widget\" data-widget_type=\"button.default\">\n\t\t\t\t<div class=\"elementor-widget-container\">\n\t\t\t\t\t\t\t\t\t<div class=\"elementor-button-wrapper\">\n\t\t\t\t\t<a class=\"elementor-button elementor-button-link elementor-size-xs\" href=\"mailto:contact@absoluteboat.com?subject=Superfun\" mangusta=\"\">\n\t\t\t\t\t\t<span class=\"elementor-button-content-wrapper\">\n\t\t\t\t\t\t<span class=\"elementor-button-icon\">\n\t\t\t\t<i aria-hidden=\"true\" class=\"fas fa-at\"><\/i>\t\t\t<\/span>\n\t\t\t\t\t\t\t\t\t<span class=\"elementor-button-text\">CONTACT<\/span>\n\t\t\t\t\t<\/span>\n\t\t\t\t\t<\/a>\n\t\t\t\t<\/div>\n\t\t\t\t\t\t\t\t<\/div>\n\t\t\t\t<\/div>\n\t\t\t\t\t<\/div>\n\t\t<\/div>\n\t\t\t\t\t<\/div>\n\t\t<\/section>\n\t\t\t\t\t<\/div>\n\t\t<\/div>\n\t\t\t\t\t<\/div>\n\t\t<\/section>\n\t\t\t\t<section class=\"elementor-section elementor-top-section elementor-element elementor-element-4469400 elementor-section-boxed elementor-section-height-default elementor-section-height-default\" data-id=\"4469400\" data-element_type=\"section\" data-e-type=\"section\">\n\t\t\t\t\t\t<div class=\"elementor-container elementor-column-gap-default\">\n\t\t\t\t\t<div class=\"elementor-column elementor-col-100 elementor-top-column elementor-element elementor-element-3d90d4d\" data-id=\"3d90d4d\" data-element_type=\"column\" data-e-type=\"column\">\n\t\t\t<div class=\"elementor-widget-wrap elementor-element-populated\">\n\t\t\t\t\t\t<div class=\"elementor-element elementor-element-475f067 elementor-widget elementor-widget-text-editor\" data-id=\"475f067\" data-element_type=\"widget\" data-e-type=\"widget\" data-widget_type=\"text-editor.default\">\n\t\t\t\t<div class=\"elementor-widget-container\">\n\t\t\t\t\t\t\t\t\t<p>Les prix sont affich\u00e9s hors taxes. Le montant de la TVA est de 20% et peut \u00eatre ramen\u00e9 \u00e0 10% en fonction du programme de navigation<\/p>\t\t\t\t\t\t\t\t<\/div>\n\t\t\t\t<\/div>\n\t\t\t\t\t<\/div>\n\t\t<\/div>\n\t\t\t\t\t<\/div>\n\t\t<\/section>\n\t\t\t\t<section class=\"elementor-section elementor-top-section elementor-element elementor-element-3d11b744 elementor-section-full_width elementor-section-height-default elementor-section-height-default\" data-id=\"3d11b744\" data-element_type=\"section\" data-e-type=\"section\">\n\t\t\t\t\t\t<div class=\"elementor-container elementor-column-gap-default\">\n\t\t\t\t\t<div class=\"elementor-column elementor-col-33 elementor-top-column elementor-element elementor-element-7e694b44\" data-id=\"7e694b44\" data-element_type=\"column\" data-e-type=\"column\">\n\t\t\t<div class=\"elementor-widget-wrap\">\n\t\t\t\t\t\t\t<\/div>\n\t\t<\/div>\n\t\t\t\t<div class=\"elementor-column elementor-col-33 elementor-top-column elementor-element elementor-element-3c4346ec\" data-id=\"3c4346ec\" data-element_type=\"column\" data-e-type=\"column\">\n\t\t\t<div class=\"elementor-widget-wrap elementor-element-populated\">\n\t\t\t\t\t\t<div class=\"elementor-element elementor-element-3bf4f40b elementor-align-center elementor-hidden-desktop elementor-hidden-tablet elementor-widget elementor-widget-button\" data-id=\"3bf4f40b\" data-element_type=\"widget\" data-e-type=\"widget\" data-widget_type=\"button.default\">\n\t\t\t\t<div class=\"elementor-widget-container\">\n\t\t\t\t\t\t\t\t\t<div class=\"elementor-button-wrapper\">\n\t\t\t\t\t<a class=\"elementor-button elementor-button-link elementor-size-xs\" href=\"https:\/\/absoluteboat.com\/index.php\/location-de-mega-yacht-cannes\/\">\n\t\t\t\t\t\t<span class=\"elementor-button-content-wrapper\">\n\t\t\t\t\t\t<span class=\"elementor-button-icon\">\n\t\t\t\t<i aria-hidden=\"true\" class=\"far fa-window-close\"><\/i>\t\t\t<\/span>\n\t\t\t\t\t\t\t\t\t<span class=\"elementor-button-text\">FERMER<\/span>\n\t\t\t\t\t<\/span>\n\t\t\t\t\t<\/a>\n\t\t\t\t<\/div>\n\t\t\t\t\t\t\t\t<\/div>\n\t\t\t\t<\/div>\n\t\t\t\t\t<\/div>\n\t\t<\/div>\n\t\t\t\t<div class=\"elementor-column elementor-col-33 elementor-top-column elementor-element elementor-element-28d61824\" data-id=\"28d61824\" data-element_type=\"column\" data-e-type=\"column\">\n\t\t\t<div class=\"elementor-widget-wrap\">\n\t\t\t\t\t\t\t<\/div>\n\t\t<\/div>\n\t\t\t\t\t<\/div>\n\t\t<\/section>\n\t\t\t\t<section class=\"elementor-section elementor-top-section elementor-element elementor-element-5046e744 elementor-section-boxed elementor-section-height-default elementor-section-height-default\" data-id=\"5046e744\" data-element_type=\"section\" data-e-type=\"section\">\n\t\t\t\t\t\t<div class=\"elementor-container elementor-column-gap-default\">\n\t\t\t\t\t<div class=\"elementor-column elementor-col-100 elementor-top-column elementor-element elementor-element-1f7a8eb4\" data-id=\"1f7a8eb4\" data-element_type=\"column\" data-e-type=\"column\">\n\t\t\t<div class=\"elementor-widget-wrap elementor-element-populated\">\n\t\t\t\t\t\t<div class=\"elementor-element elementor-element-17ec7ae2 elementor-widget elementor-widget-spacer\" data-id=\"17ec7ae2\" data-element_type=\"widget\" data-e-type=\"widget\" data-widget_type=\"spacer.default\">\n\t\t\t\t<div class=\"elementor-widget-container\">\n\t\t\t\t\t\t\t<div class=\"elementor-spacer\">\n\t\t\t<div class=\"elementor-spacer-inner\"><\/div>\n\t\t<\/div>\n\t\t\t\t\t\t<\/div>\n\t\t\t\t<\/div>\n\t\t\t\t\t<\/div>\n\t\t<\/div>\n\t\t\t\t\t<\/div>\n\t\t<\/section>\n\t\t\t\t<section class=\"elementor-section elementor-top-section elementor-element elementor-element-1cf0d126 elementor-section-full_width elementor-section-stretched elementor-section-height-default elementor-section-height-default\" data-id=\"1cf0d126\" data-element_type=\"section\" data-e-type=\"section\" data-settings=\"{&quot;stretch_section&quot;:&quot;section-stretched&quot;}\">\n\t\t\t\t\t\t<div class=\"elementor-container elementor-column-gap-default\">\n\t\t\t\t\t<div class=\"elementor-column elementor-col-100 elementor-top-column elementor-element elementor-element-3ec2aaa\" data-id=\"3ec2aaa\" data-element_type=\"column\" data-e-type=\"column\">\n\t\t\t<div class=\"elementor-widget-wrap elementor-element-populated\">\n\t\t\t\t\t\t<div class=\"elementor-element elementor-element-21b381 elementor-widget elementor-widget-sina_content_box\" data-id=\"21b381\" data-element_type=\"widget\" data-e-type=\"widget\" data-widget_type=\"sina_content_box.default\">\n\t\t\t\t<div class=\"elementor-widget-container\">\n\t\t\t\t\t\t\t<div class=\"sina-content-box clearfix sina-content-box-move \">\r\n\r\n\t\t\t\r\n\t\t\t\r\n\t\t\t\t\t\t\t\t\r\n\t\t\t\t\t<div class=\"sina-content-box-content\">\r\n\t\t\t\t\t\t\t\t\t\t\t\t\t<h3 class=\"sina-content-box-title\">\r\n\t\t\t\t\t\t\t\t\t\t\t\t\t\t\t\t\tAbsolute Boat C\u00f4te d'Azur\t\t\t\t\t\t\t\t\t\t\t\t\t\t\t<\/h3>\r\n\t\t\t\t\t\t\r\n\t\t\t\t\t\t\t\t\t\t\t\t\t<div class=\"sina-content-box-desc\">Location de bateaux et de yachts sur la C\u00f4te d'Azur depuis 2004.<\/div>\t\t\t\t\t\t\r\n\t\t\t\t\t\t\t\t\t\t\t<\/div>\r\n\t\t\t\t\t<\/div><!-- .sina-content-box -->\r\n\t\t\t\t\t\t<\/div>\n\t\t\t\t<\/div>\n\t\t\t\t\t<\/div>\n\t\t<\/div>\n\t\t\t\t\t<\/div>\n\t\t<\/section>\n\t\t\t\t<\/div>\n\t\t","protected":false},"excerpt":{"rendered":"<p>FERMER SUPERFUN 66250\u20ac HT \/ semaine +TVA LONGUEUR : 40,27m PASSAGERS: 10 \u00c9QUIPAGE: 8 CABINES: 5 CARBURANT: Diesel EQUIPEMENTS: Douche de pont \/ Salle de fitness \/ TV \/ HIFI Tarif : Il ne comprend ni les frais d\u2019avitaillement, ni les frais de carburant ainsi que les \u00e9ventuelles taxes APPELER CONTACT Les prix sont affich\u00e9s [&hellip;]<\/p>\n","protected":false},"author":1,"featured_media":0,"parent":0,"menu_order":0,"comment_status":"closed","ping_status":"closed","template":"","meta":{"footnotes":""},"class_list":["post-3168","page","type-page","status-publish","hentry","entry"],"yoast_head":"<!-- This site is optimized with the Yoast SEO plugin v27.5 - https:\/\/yoast.com\/product\/yoast-seo-wordpress\/ -->\n<title>Yacht 40m 5 cabines \u00e0 louer Cannes | Absolute Boat C\u00f4te d&#039;Azur<\/title>\n<meta name=\"description\" content=\"Yacht de 40 m\u00e8tres avec 5 cabines pour 10 passagers \u00e0 louer sur la Riviera. C&#039;est un bateau parfait pour la navigation en M\u00e9diterran\u00e9e et en Corse.\" \/>\n<meta name=\"robots\" content=\"index, follow, max-snippet:-1, max-image-preview:large, max-video-preview:-1\" \/>\n<link rel=\"canonical\" href=\"https:\/\/absoluteboat.com\/index.php\/yacht-40m-a-louer-cannes\/\" \/>\n<meta property=\"og:locale\" content=\"fr_FR\" \/>\n<meta property=\"og:type\" content=\"article\" \/>\n<meta property=\"og:title\" content=\"Yacht 40m 5 cabines \u00e0 louer Cannes | Absolute Boat C\u00f4te d&#039;Azur\" \/>\n<meta property=\"og:description\" content=\"Yacht de 40 m\u00e8tres avec 5 cabines pour 10 passagers \u00e0 louer sur la Riviera. C&#039;est un bateau parfait pour la navigation en M\u00e9diterran\u00e9e et en Corse.\" \/>\n<meta property=\"og:url\" content=\"https:\/\/absoluteboat.com\/index.php\/yacht-40m-a-louer-cannes\/\" \/>\n<meta property=\"og:site_name\" content=\"ABSOLUTE BOAT\" \/>\n<meta property=\"article:publisher\" content=\"https:\/\/www.facebook.com\/AbsoluteBoatCoteDazur\" \/>\n<meta property=\"article:modified_time\" content=\"2024-01-11T17:42:50+00:00\" \/>\n<meta name=\"twitter:card\" content=\"summary_large_image\" \/>\n<meta name=\"twitter:site\" content=\"@absoluteboat\" \/>\n<meta name=\"twitter:label1\" content=\"Dur\u00e9e de lecture estim\u00e9e\" \/>\n\t<meta name=\"twitter:data1\" content=\"1 minute\" \/>\n<script type=\"application\/ld+json\" class=\"yoast-schema-graph\">{\"@context\":\"https:\\\/\\\/schema.org\",\"@graph\":[{\"@type\":\"WebPage\",\"@id\":\"https:\\\/\\\/absoluteboat.com\\\/index.php\\\/yacht-40m-a-louer-cannes\\\/\",\"url\":\"https:\\\/\\\/absoluteboat.com\\\/index.php\\\/yacht-40m-a-louer-cannes\\\/\",\"name\":\"Yacht 40m 5 cabines \u00e0 louer Cannes | Absolute Boat C\u00f4te d'Azur\",\"isPartOf\":{\"@id\":\"https:\\\/\\\/absoluteboat.com\\\/#website\"},\"datePublished\":\"2021-04-15T22:45:31+00:00\",\"dateModified\":\"2024-01-11T17:42:50+00:00\",\"description\":\"Yacht de 40 m\u00e8tres avec 5 cabines pour 10 passagers \u00e0 louer sur la Riviera. C'est un bateau parfait pour la navigation en M\u00e9diterran\u00e9e et en Corse.\",\"breadcrumb\":{\"@id\":\"https:\\\/\\\/absoluteboat.com\\\/index.php\\\/yacht-40m-a-louer-cannes\\\/#breadcrumb\"},\"inLanguage\":\"fr-FR\",\"potentialAction\":[{\"@type\":\"ReadAction\",\"target\":[\"https:\\\/\\\/absoluteboat.com\\\/index.php\\\/yacht-40m-a-louer-cannes\\\/\"]}]},{\"@type\":\"BreadcrumbList\",\"@id\":\"https:\\\/\\\/absoluteboat.com\\\/index.php\\\/yacht-40m-a-louer-cannes\\\/#breadcrumb\",\"itemListElement\":[{\"@type\":\"ListItem\",\"position\":1,\"name\":\"Accueil\",\"item\":\"https:\\\/\\\/absoluteboat.com\\\/\"},{\"@type\":\"ListItem\",\"position\":2,\"name\":\"yacht-40m-a-louer-cannes\"}]},{\"@type\":\"WebSite\",\"@id\":\"https:\\\/\\\/absoluteboat.com\\\/#website\",\"url\":\"https:\\\/\\\/absoluteboat.com\\\/\",\"name\":\"ABSOLUTE BOAT\",\"description\":\"Location de bateaux et de yacht \u00e0 Cannes\",\"publisher\":{\"@id\":\"https:\\\/\\\/absoluteboat.com\\\/#organization\"},\"potentialAction\":[{\"@type\":\"SearchAction\",\"target\":{\"@type\":\"EntryPoint\",\"urlTemplate\":\"https:\\\/\\\/absoluteboat.com\\\/?s={search_term_string}\"},\"query-input\":{\"@type\":\"PropertyValueSpecification\",\"valueRequired\":true,\"valueName\":\"search_term_string\"}}],\"inLanguage\":\"fr-FR\"},{\"@type\":\"Organization\",\"@id\":\"https:\\\/\\\/absoluteboat.com\\\/#organization\",\"name\":\"ABSOLUTE BOAT\",\"url\":\"https:\\\/\\\/absoluteboat.com\\\/\",\"logo\":{\"@type\":\"ImageObject\",\"inLanguage\":\"fr-FR\",\"@id\":\"https:\\\/\\\/absoluteboat.com\\\/#\\\/schema\\\/logo\\\/image\\\/\",\"url\":\"https:\\\/\\\/absoluteboat.com\\\/wp-content\\\/uploads\\\/2021\\\/04\\\/absoluteLogoSite.png\",\"contentUrl\":\"https:\\\/\\\/absoluteboat.com\\\/wp-content\\\/uploads\\\/2021\\\/04\\\/absoluteLogoSite.png\",\"width\":1263,\"height\":123,\"caption\":\"ABSOLUTE BOAT\"},\"image\":{\"@id\":\"https:\\\/\\\/absoluteboat.com\\\/#\\\/schema\\\/logo\\\/image\\\/\"},\"sameAs\":[\"https:\\\/\\\/www.facebook.com\\\/AbsoluteBoatCoteDazur\",\"https:\\\/\\\/x.com\\\/absoluteboat\",\"https:\\\/\\\/www.instagram.com\\\/absoluteboatcannes\\\/\",\"https:\\\/\\\/www.tiktok.com\\\/@absoluteboat\",\"https:\\\/\\\/www.linkedin.com\\\/company\\\/absolute-boat-cote-dazur?trk=similar-pages_result-card_full-click\"]}]}<\/script>\n<!-- \/ Yoast SEO plugin. -->","yoast_head_json":{"title":"Yacht 40m 5 cabines \u00e0 louer Cannes | Absolute Boat C\u00f4te d'Azur","description":"Yacht de 40 m\u00e8tres avec 5 cabines pour 10 passagers \u00e0 louer sur la Riviera. C'est un bateau parfait pour la navigation en M\u00e9diterran\u00e9e et en Corse.","robots":{"index":"index","follow":"follow","max-snippet":"max-snippet:-1","max-image-preview":"max-image-preview:large","max-video-preview":"max-video-preview:-1"},"canonical":"https:\/\/absoluteboat.com\/index.php\/yacht-40m-a-louer-cannes\/","og_locale":"fr_FR","og_type":"article","og_title":"Yacht 40m 5 cabines \u00e0 louer Cannes | Absolute Boat C\u00f4te d'Azur","og_description":"Yacht de 40 m\u00e8tres avec 5 cabines pour 10 passagers \u00e0 louer sur la Riviera. C'est un bateau parfait pour la navigation en M\u00e9diterran\u00e9e et en Corse.","og_url":"https:\/\/absoluteboat.com\/index.php\/yacht-40m-a-louer-cannes\/","og_site_name":"ABSOLUTE BOAT","article_publisher":"https:\/\/www.facebook.com\/AbsoluteBoatCoteDazur","article_modified_time":"2024-01-11T17:42:50+00:00","twitter_card":"summary_large_image","twitter_site":"@absoluteboat","twitter_misc":{"Dur\u00e9e de lecture estim\u00e9e":"1 minute"},"schema":{"@context":"https:\/\/schema.org","@graph":[{"@type":"WebPage","@id":"https:\/\/absoluteboat.com\/index.php\/yacht-40m-a-louer-cannes\/","url":"https:\/\/absoluteboat.com\/index.php\/yacht-40m-a-louer-cannes\/","name":"Yacht 40m 5 cabines \u00e0 louer Cannes | Absolute Boat C\u00f4te d'Azur","isPartOf":{"@id":"https:\/\/absoluteboat.com\/#website"},"datePublished":"2021-04-15T22:45:31+00:00","dateModified":"2024-01-11T17:42:50+00:00","description":"Yacht de 40 m\u00e8tres avec 5 cabines pour 10 passagers \u00e0 louer sur la Riviera. C'est un bateau parfait pour la navigation en M\u00e9diterran\u00e9e et en Corse.","breadcrumb":{"@id":"https:\/\/absoluteboat.com\/index.php\/yacht-40m-a-louer-cannes\/#breadcrumb"},"inLanguage":"fr-FR","potentialAction":[{"@type":"ReadAction","target":["https:\/\/absoluteboat.com\/index.php\/yacht-40m-a-louer-cannes\/"]}]},{"@type":"BreadcrumbList","@id":"https:\/\/absoluteboat.com\/index.php\/yacht-40m-a-louer-cannes\/#breadcrumb","itemListElement":[{"@type":"ListItem","position":1,"name":"Accueil","item":"https:\/\/absoluteboat.com\/"},{"@type":"ListItem","position":2,"name":"yacht-40m-a-louer-cannes"}]},{"@type":"WebSite","@id":"https:\/\/absoluteboat.com\/#website","url":"https:\/\/absoluteboat.com\/","name":"ABSOLUTE BOAT","description":"Location de bateaux et de yacht \u00e0 Cannes","publisher":{"@id":"https:\/\/absoluteboat.com\/#organization"},"potentialAction":[{"@type":"SearchAction","target":{"@type":"EntryPoint","urlTemplate":"https:\/\/absoluteboat.com\/?s={search_term_string}"},"query-input":{"@type":"PropertyValueSpecification","valueRequired":true,"valueName":"search_term_string"}}],"inLanguage":"fr-FR"},{"@type":"Organization","@id":"https:\/\/absoluteboat.com\/#organization","name":"ABSOLUTE BOAT","url":"https:\/\/absoluteboat.com\/","logo":{"@type":"ImageObject","inLanguage":"fr-FR","@id":"https:\/\/absoluteboat.com\/#\/schema\/logo\/image\/","url":"https:\/\/absoluteboat.com\/wp-content\/uploads\/2021\/04\/absoluteLogoSite.png","contentUrl":"https:\/\/absoluteboat.com\/wp-content\/uploads\/2021\/04\/absoluteLogoSite.png","width":1263,"height":123,"caption":"ABSOLUTE BOAT"},"image":{"@id":"https:\/\/absoluteboat.com\/#\/schema\/logo\/image\/"},"sameAs":["https:\/\/www.facebook.com\/AbsoluteBoatCoteDazur","https:\/\/x.com\/absoluteboat","https:\/\/www.instagram.com\/absoluteboatcannes\/","https:\/\/www.tiktok.com\/@absoluteboat","https:\/\/www.linkedin.com\/company\/absolute-boat-cote-dazur?trk=similar-pages_result-card_full-click"]}]}},"_links":{"self":[{"href":"https:\/\/absoluteboat.com\/index.php\/wp-json\/wp\/v2\/pages\/3168","targetHints":{"allow":["GET"]}}],"collection":[{"href":"https:\/\/absoluteboat.com\/index.php\/wp-json\/wp\/v2\/pages"}],"about":[{"href":"https:\/\/absoluteboat.com\/index.php\/wp-json\/wp\/v2\/types\/page"}],"author":[{"embeddable":true,"href":"https:\/\/absoluteboat.com\/index.php\/wp-json\/wp\/v2\/users\/1"}],"replies":[{"embeddable":true,"href":"https:\/\/absoluteboat.com\/index.php\/wp-json\/wp\/v2\/comments?post=3168"}],"version-history":[{"count":8,"href":"https:\/\/absoluteboat.com\/index.php\/wp-json\/wp\/v2\/pages\/3168\/revisions"}],"predecessor-version":[{"id":12281,"href":"https:\/\/absoluteboat.com\/index.php\/wp-json\/wp\/v2\/pages\/3168\/revisions\/12281"}],"wp:attachment":[{"href":"https:\/\/absoluteboat.com\/index.php\/wp-json\/wp\/v2\/media?parent=3168"}],"curies":[{"name":"wp","href":"https:\/\/api.w.org\/{rel}","templated":true}]}}