{"id":2913,"date":"2021-04-15T11:44:35","date_gmt":"2021-04-15T09:44:35","guid":{"rendered":"https:\/\/absoluteboat.com\/?page_id=2913"},"modified":"2024-01-10T16:19:40","modified_gmt":"2024-01-10T15:19:40","slug":"baia-32-yacht-a-louer-cannes","status":"publish","type":"page","link":"https:\/\/absoluteboat.com\/index.php\/baia-32-yacht-a-louer-cannes\/","title":{"rendered":"baia-32-yacht-a-louer-cannes"},"content":{"rendered":"\t\t<div data-elementor-type=\"wp-page\" data-elementor-id=\"2913\" class=\"elementor elementor-2913\">\n\t\t\t\t\t\t<section class=\"elementor-section elementor-top-section elementor-element elementor-element-3ecd78b8 elementor-section-full_width elementor-section-stretched elementor-section-height-default elementor-section-height-default\" data-id=\"3ecd78b8\" data-element_type=\"section\" data-e-type=\"section\" data-settings=\"{&quot;stretch_section&quot;:&quot;section-stretched&quot;}\">\n\t\t\t\t\t\t<div class=\"elementor-container elementor-column-gap-narrow\">\n\t\t\t\t\t<div class=\"elementor-column elementor-col-25 elementor-top-column elementor-element elementor-element-6c4ae7b3\" data-id=\"6c4ae7b3\" data-element_type=\"column\" data-e-type=\"column\">\n\t\t\t<div class=\"elementor-widget-wrap\">\n\t\t\t\t\t\t\t<\/div>\n\t\t<\/div>\n\t\t\t\t<div class=\"elementor-column elementor-col-50 elementor-top-column elementor-element elementor-element-5a63bcc9\" data-id=\"5a63bcc9\" data-element_type=\"column\" data-e-type=\"column\">\n\t\t\t<div class=\"elementor-widget-wrap\">\n\t\t\t\t\t\t\t<\/div>\n\t\t<\/div>\n\t\t\t\t<div class=\"elementor-column elementor-col-25 elementor-top-column elementor-element elementor-element-27ea8aec\" data-id=\"27ea8aec\" data-element_type=\"column\" data-e-type=\"column\">\n\t\t\t<div class=\"elementor-widget-wrap elementor-element-populated\">\n\t\t\t\t\t\t<div class=\"elementor-element elementor-element-6e830b77 elementor-align-center elementor-hidden-phone elementor-widget elementor-widget-button\" data-id=\"6e830b77\" data-element_type=\"widget\" data-e-type=\"widget\" data-widget_type=\"button.default\">\n\t\t\t\t<div class=\"elementor-widget-container\">\n\t\t\t\t\t\t\t\t\t<div class=\"elementor-button-wrapper\">\n\t\t\t\t\t<a class=\"elementor-button elementor-button-link elementor-size-xs\" href=\"https:\/\/absoluteboat.com\/index.php\/location-de-yacht-de-30-a-40m\/\">\n\t\t\t\t\t\t<span class=\"elementor-button-content-wrapper\">\n\t\t\t\t\t\t<span class=\"elementor-button-icon\">\n\t\t\t\t<i aria-hidden=\"true\" class=\"far fa-window-close\"><\/i>\t\t\t<\/span>\n\t\t\t\t\t\t\t\t\t<span class=\"elementor-button-text\">FERMER<\/span>\n\t\t\t\t\t<\/span>\n\t\t\t\t\t<\/a>\n\t\t\t\t<\/div>\n\t\t\t\t\t\t\t\t<\/div>\n\t\t\t\t<\/div>\n\t\t\t\t\t<\/div>\n\t\t<\/div>\n\t\t\t\t\t<\/div>\n\t\t<\/section>\n\t\t\t\t<section class=\"elementor-section elementor-top-section elementor-element elementor-element-348be85 elementor-section-stretched elementor-section-boxed elementor-section-height-default elementor-section-height-default\" data-id=\"348be85\" data-element_type=\"section\" data-e-type=\"section\" data-settings=\"{&quot;stretch_section&quot;:&quot;section-stretched&quot;}\">\n\t\t\t\t\t\t<div class=\"elementor-container elementor-column-gap-default\">\n\t\t\t\t\t<div class=\"elementor-column elementor-col-100 elementor-top-column elementor-element elementor-element-5f015e6e\" data-id=\"5f015e6e\" data-element_type=\"column\" data-e-type=\"column\">\n\t\t\t<div class=\"elementor-widget-wrap elementor-element-populated\">\n\t\t\t\t\t\t<div class=\"elementor-element elementor-element-3c82fe3a elementor-invisible elementor-widget elementor-widget-heading\" data-id=\"3c82fe3a\" data-element_type=\"widget\" data-e-type=\"widget\" data-settings=\"{&quot;_animation&quot;:&quot;fadeInUp&quot;}\" data-widget_type=\"heading.default\">\n\t\t\t\t<div class=\"elementor-widget-container\">\n\t\t\t\t\t<h2 class=\"elementor-heading-title elementor-size-default\">BAIA 32<\/h2>\t\t\t\t<\/div>\n\t\t\t\t<\/div>\n\t\t\t\t\t<\/div>\n\t\t<\/div>\n\t\t\t\t\t<\/div>\n\t\t<\/section>\n\t\t\t\t<section class=\"elementor-section elementor-top-section elementor-element elementor-element-2311ccf7 elementor-section-full_width elementor-section-stretched elementor-section-height-default elementor-section-height-default\" data-id=\"2311ccf7\" data-element_type=\"section\" data-e-type=\"section\" data-settings=\"{&quot;stretch_section&quot;:&quot;section-stretched&quot;}\">\n\t\t\t\t\t\t<div class=\"elementor-container elementor-column-gap-default\">\n\t\t\t\t\t<div class=\"elementor-column elementor-col-50 elementor-top-column elementor-element elementor-element-448cec9b\" data-id=\"448cec9b\" data-element_type=\"column\" data-e-type=\"column\">\n\t\t\t<div class=\"elementor-widget-wrap elementor-element-populated\">\n\t\t\t\t\t\t<div class=\"elementor-element elementor-element-2a0230e0 elementor-widget elementor-widget-shortcode\" data-id=\"2a0230e0\" data-element_type=\"widget\" data-e-type=\"widget\" data-widget_type=\"shortcode.default\">\n\t\t\t\t<div class=\"elementor-widget-container\">\n\t\t\t\t\t\t\t<div class=\"elementor-shortcode\"><\/div>\n\t\t\t\t\t\t<\/div>\n\t\t\t\t<\/div>\n\t\t\t\t\t<\/div>\n\t\t<\/div>\n\t\t\t\t<div class=\"elementor-column elementor-col-50 elementor-top-column elementor-element elementor-element-231f9990\" data-id=\"231f9990\" data-element_type=\"column\" data-e-type=\"column\">\n\t\t\t<div class=\"elementor-widget-wrap elementor-element-populated\">\n\t\t\t\t\t\t<div class=\"elementor-element elementor-element-64d6b23e elementor-widget elementor-widget-heading\" data-id=\"64d6b23e\" data-element_type=\"widget\" data-e-type=\"widget\" data-widget_type=\"heading.default\">\n\t\t\t\t<div class=\"elementor-widget-container\">\n\t\t\t\t\t<h3 class=\"elementor-heading-title elementor-size-default\">62500\u20ac HT\/ semaine +TVA<\/h3>\t\t\t\t<\/div>\n\t\t\t\t<\/div>\n\t\t\t\t<div class=\"elementor-element elementor-element-38092cc4 elementor-widget-divider--view-line elementor-widget elementor-widget-divider\" data-id=\"38092cc4\" data-element_type=\"widget\" data-e-type=\"widget\" data-widget_type=\"divider.default\">\n\t\t\t\t<div class=\"elementor-widget-container\">\n\t\t\t\t\t\t\t<div class=\"elementor-divider\">\n\t\t\t<span class=\"elementor-divider-separator\">\n\t\t\t\t\t\t<\/span>\n\t\t<\/div>\n\t\t\t\t\t\t<\/div>\n\t\t\t\t<\/div>\n\t\t\t\t<div class=\"elementor-element elementor-element-1885dc9 elementor-widget elementor-widget-text-editor\" data-id=\"1885dc9\" data-element_type=\"widget\" data-e-type=\"widget\" data-widget_type=\"text-editor.default\">\n\t\t\t\t<div class=\"elementor-widget-container\">\n\t\t\t\t\t\t\t\t\t<p style=\"padding-left: 40px;\">LONGUEUR : 32,00m<\/p><p style=\"padding-left: 40px;\">PASSAGERS: 10<\/p><p style=\"padding-left: 40px;\">\u00c9QUIPAGE: 5<\/p><p style=\"padding-left: 40px;\">CABINES: 4<\/p><p style=\"padding-left: 40px;\">CARBURANT: Diesel<\/p><p style=\"padding-left: 40px;\">EQUIPEMENTS: Douche de pont \/ Frigo \/ TV \/ HIFI<\/p><p style=\"padding-left: 40px;\">Tarif : Il ne comprend ni les frais d\u2019avitaillement, ni les frais de carburant ainsi que les \u00e9ventuelles taxes<\/p>\t\t\t\t\t\t\t\t<\/div>\n\t\t\t\t<\/div>\n\t\t\t\t<div class=\"elementor-element elementor-element-a8802d6 elementor-widget elementor-widget-spacer\" data-id=\"a8802d6\" data-element_type=\"widget\" data-e-type=\"widget\" data-widget_type=\"spacer.default\">\n\t\t\t\t<div class=\"elementor-widget-container\">\n\t\t\t\t\t\t\t<div class=\"elementor-spacer\">\n\t\t\t<div class=\"elementor-spacer-inner\"><\/div>\n\t\t<\/div>\n\t\t\t\t\t\t<\/div>\n\t\t\t\t<\/div>\n\t\t\t\t<section class=\"elementor-section elementor-inner-section elementor-element elementor-element-3b3cf7df elementor-section-boxed elementor-section-height-default elementor-section-height-default\" data-id=\"3b3cf7df\" data-element_type=\"section\" data-e-type=\"section\">\n\t\t\t\t\t\t<div class=\"elementor-container elementor-column-gap-default\">\n\t\t\t\t\t<div class=\"elementor-column elementor-col-50 elementor-inner-column elementor-element elementor-element-1b11961c\" data-id=\"1b11961c\" data-element_type=\"column\" data-e-type=\"column\">\n\t\t\t<div class=\"elementor-widget-wrap elementor-element-populated\">\n\t\t\t\t\t\t<div class=\"elementor-element elementor-element-3595d775 elementor-align-justify elementor-widget elementor-widget-button\" data-id=\"3595d775\" data-element_type=\"widget\" data-e-type=\"widget\" data-widget_type=\"button.default\">\n\t\t\t\t<div class=\"elementor-widget-container\">\n\t\t\t\t\t\t\t\t\t<div class=\"elementor-button-wrapper\">\n\t\t\t\t\t<a class=\"elementor-button elementor-button-link elementor-size-xs\" href=\"tel:+33611733056\">\n\t\t\t\t\t\t<span class=\"elementor-button-content-wrapper\">\n\t\t\t\t\t\t<span class=\"elementor-button-icon\">\n\t\t\t\t<i aria-hidden=\"true\" class=\"fas fa-phone-volume\"><\/i>\t\t\t<\/span>\n\t\t\t\t\t\t\t\t\t<span class=\"elementor-button-text\">APPELER<\/span>\n\t\t\t\t\t<\/span>\n\t\t\t\t\t<\/a>\n\t\t\t\t<\/div>\n\t\t\t\t\t\t\t\t<\/div>\n\t\t\t\t<\/div>\n\t\t\t\t\t<\/div>\n\t\t<\/div>\n\t\t\t\t<div class=\"elementor-column elementor-col-50 elementor-inner-column elementor-element elementor-element-17306183\" data-id=\"17306183\" data-element_type=\"column\" data-e-type=\"column\">\n\t\t\t<div class=\"elementor-widget-wrap elementor-element-populated\">\n\t\t\t\t\t\t<div class=\"elementor-element elementor-element-19bc38a6 elementor-align-justify elementor-widget elementor-widget-button\" data-id=\"19bc38a6\" data-element_type=\"widget\" data-e-type=\"widget\" data-widget_type=\"button.default\">\n\t\t\t\t<div class=\"elementor-widget-container\">\n\t\t\t\t\t\t\t\t\t<div class=\"elementor-button-wrapper\">\n\t\t\t\t\t<a class=\"elementor-button elementor-button-link elementor-size-xs\" href=\"mailto:contact@absoluteboat.com?subject=Baia%2032\" mangusta=\"\">\n\t\t\t\t\t\t<span class=\"elementor-button-content-wrapper\">\n\t\t\t\t\t\t<span class=\"elementor-button-icon\">\n\t\t\t\t<i aria-hidden=\"true\" class=\"fas fa-at\"><\/i>\t\t\t<\/span>\n\t\t\t\t\t\t\t\t\t<span class=\"elementor-button-text\">CONTACT<\/span>\n\t\t\t\t\t<\/span>\n\t\t\t\t\t<\/a>\n\t\t\t\t<\/div>\n\t\t\t\t\t\t\t\t<\/div>\n\t\t\t\t<\/div>\n\t\t\t\t\t<\/div>\n\t\t<\/div>\n\t\t\t\t\t<\/div>\n\t\t<\/section>\n\t\t\t\t\t<\/div>\n\t\t<\/div>\n\t\t\t\t\t<\/div>\n\t\t<\/section>\n\t\t\t\t<section class=\"elementor-section elementor-top-section elementor-element elementor-element-12e8431 elementor-section-boxed elementor-section-height-default elementor-section-height-default\" data-id=\"12e8431\" data-element_type=\"section\" data-e-type=\"section\">\n\t\t\t\t\t\t<div class=\"elementor-container elementor-column-gap-default\">\n\t\t\t\t\t<div class=\"elementor-column elementor-col-100 elementor-top-column elementor-element elementor-element-d995827\" data-id=\"d995827\" data-element_type=\"column\" data-e-type=\"column\">\n\t\t\t<div class=\"elementor-widget-wrap elementor-element-populated\">\n\t\t\t\t\t\t<div class=\"elementor-element elementor-element-2f5e55c elementor-widget elementor-widget-text-editor\" data-id=\"2f5e55c\" data-element_type=\"widget\" data-e-type=\"widget\" data-widget_type=\"text-editor.default\">\n\t\t\t\t<div class=\"elementor-widget-container\">\n\t\t\t\t\t\t\t\t\t<p>Les prix sont affich\u00e9s hors taxes. Le montant de la TVA est de 20% et peut \u00eatre ramen\u00e9 \u00e0 10% en fonction du programme de navigation<\/p>\t\t\t\t\t\t\t\t<\/div>\n\t\t\t\t<\/div>\n\t\t\t\t\t<\/div>\n\t\t<\/div>\n\t\t\t\t\t<\/div>\n\t\t<\/section>\n\t\t\t\t<section class=\"elementor-section elementor-top-section elementor-element elementor-element-5a11ae7f elementor-section-full_width elementor-section-height-default elementor-section-height-default\" data-id=\"5a11ae7f\" data-element_type=\"section\" data-e-type=\"section\">\n\t\t\t\t\t\t<div class=\"elementor-container elementor-column-gap-default\">\n\t\t\t\t\t<div class=\"elementor-column elementor-col-33 elementor-top-column elementor-element elementor-element-64fd7fbb\" data-id=\"64fd7fbb\" data-element_type=\"column\" data-e-type=\"column\">\n\t\t\t<div class=\"elementor-widget-wrap\">\n\t\t\t\t\t\t\t<\/div>\n\t\t<\/div>\n\t\t\t\t<div class=\"elementor-column elementor-col-33 elementor-top-column elementor-element elementor-element-3d3583ec\" data-id=\"3d3583ec\" data-element_type=\"column\" data-e-type=\"column\">\n\t\t\t<div class=\"elementor-widget-wrap elementor-element-populated\">\n\t\t\t\t\t\t<div class=\"elementor-element elementor-element-50f692f5 elementor-align-center elementor-hidden-desktop elementor-hidden-tablet elementor-widget elementor-widget-button\" data-id=\"50f692f5\" data-element_type=\"widget\" data-e-type=\"widget\" data-widget_type=\"button.default\">\n\t\t\t\t<div class=\"elementor-widget-container\">\n\t\t\t\t\t\t\t\t\t<div class=\"elementor-button-wrapper\">\n\t\t\t\t\t<a class=\"elementor-button elementor-button-link elementor-size-xs\" href=\"https:\/\/absoluteboat.com\/index.php\/location-de-yacht-de-30-a-40m\/\">\n\t\t\t\t\t\t<span class=\"elementor-button-content-wrapper\">\n\t\t\t\t\t\t<span class=\"elementor-button-icon\">\n\t\t\t\t<i aria-hidden=\"true\" class=\"far fa-window-close\"><\/i>\t\t\t<\/span>\n\t\t\t\t\t\t\t\t\t<span class=\"elementor-button-text\">FERMER<\/span>\n\t\t\t\t\t<\/span>\n\t\t\t\t\t<\/a>\n\t\t\t\t<\/div>\n\t\t\t\t\t\t\t\t<\/div>\n\t\t\t\t<\/div>\n\t\t\t\t\t<\/div>\n\t\t<\/div>\n\t\t\t\t<div class=\"elementor-column elementor-col-33 elementor-top-column elementor-element elementor-element-772f13d3\" data-id=\"772f13d3\" data-element_type=\"column\" data-e-type=\"column\">\n\t\t\t<div class=\"elementor-widget-wrap\">\n\t\t\t\t\t\t\t<\/div>\n\t\t<\/div>\n\t\t\t\t\t<\/div>\n\t\t<\/section>\n\t\t\t\t<section class=\"elementor-section elementor-top-section elementor-element elementor-element-5abb666b elementor-section-boxed elementor-section-height-default elementor-section-height-default\" data-id=\"5abb666b\" data-element_type=\"section\" data-e-type=\"section\">\n\t\t\t\t\t\t<div class=\"elementor-container elementor-column-gap-default\">\n\t\t\t\t\t<div class=\"elementor-column elementor-col-100 elementor-top-column elementor-element elementor-element-37e644e4\" data-id=\"37e644e4\" data-element_type=\"column\" data-e-type=\"column\">\n\t\t\t<div class=\"elementor-widget-wrap elementor-element-populated\">\n\t\t\t\t\t\t<div class=\"elementor-element elementor-element-6f8facee elementor-widget elementor-widget-spacer\" data-id=\"6f8facee\" data-element_type=\"widget\" data-e-type=\"widget\" data-widget_type=\"spacer.default\">\n\t\t\t\t<div class=\"elementor-widget-container\">\n\t\t\t\t\t\t\t<div class=\"elementor-spacer\">\n\t\t\t<div class=\"elementor-spacer-inner\"><\/div>\n\t\t<\/div>\n\t\t\t\t\t\t<\/div>\n\t\t\t\t<\/div>\n\t\t\t\t\t<\/div>\n\t\t<\/div>\n\t\t\t\t\t<\/div>\n\t\t<\/section>\n\t\t\t\t<section class=\"elementor-section elementor-top-section elementor-element elementor-element-13022c04 elementor-section-full_width elementor-section-stretched elementor-section-height-default elementor-section-height-default\" data-id=\"13022c04\" data-element_type=\"section\" data-e-type=\"section\" data-settings=\"{&quot;stretch_section&quot;:&quot;section-stretched&quot;}\">\n\t\t\t\t\t\t<div class=\"elementor-container elementor-column-gap-default\">\n\t\t\t\t\t<div class=\"elementor-column elementor-col-100 elementor-top-column elementor-element elementor-element-e734735\" data-id=\"e734735\" data-element_type=\"column\" data-e-type=\"column\">\n\t\t\t<div class=\"elementor-widget-wrap elementor-element-populated\">\n\t\t\t\t\t\t<div class=\"elementor-element elementor-element-1fec9a05 elementor-widget elementor-widget-sina_content_box\" data-id=\"1fec9a05\" data-element_type=\"widget\" data-e-type=\"widget\" data-widget_type=\"sina_content_box.default\">\n\t\t\t\t<div class=\"elementor-widget-container\">\n\t\t\t\t\t\t\t<div class=\"sina-content-box clearfix sina-content-box-move \">\r\n\r\n\t\t\t\r\n\t\t\t\r\n\t\t\t\t\t\t\t\t\r\n\t\t\t\t\t<div class=\"sina-content-box-content\">\r\n\t\t\t\t\t\t\t\t\t\t\t\t\t<h3 class=\"sina-content-box-title\">\r\n\t\t\t\t\t\t\t\t\t\t\t\t\t\t\t\t\tAbsolute Boat C\u00f4te d'Azur\t\t\t\t\t\t\t\t\t\t\t\t\t\t\t<\/h3>\r\n\t\t\t\t\t\t\r\n\t\t\t\t\t\t\t\t\t\t\t\t\t<div class=\"sina-content-box-desc\">Location de bateaux et de yachts sur la C\u00f4te d'Azur depuis 2004.<\/div>\t\t\t\t\t\t\r\n\t\t\t\t\t\t\t\t\t\t\t<\/div>\r\n\t\t\t\t\t<\/div><!-- .sina-content-box -->\r\n\t\t\t\t\t\t<\/div>\n\t\t\t\t<\/div>\n\t\t\t\t\t<\/div>\n\t\t<\/div>\n\t\t\t\t\t<\/div>\n\t\t<\/section>\n\t\t\t\t<\/div>\n\t\t","protected":false},"excerpt":{"rendered":"<p>FERMER BAIA 32 62500\u20ac HT\/ semaine +TVA LONGUEUR : 32,00m PASSAGERS: 10 \u00c9QUIPAGE: 5 CABINES: 4 CARBURANT: Diesel EQUIPEMENTS: Douche de pont \/ Frigo \/ TV \/ HIFI Tarif : Il ne comprend ni les frais d\u2019avitaillement, ni les frais de carburant ainsi que les \u00e9ventuelles taxes APPELER CONTACT Les prix sont affich\u00e9s hors taxes. [&hellip;]<\/p>\n","protected":false},"author":1,"featured_media":0,"parent":0,"menu_order":0,"comment_status":"closed","ping_status":"closed","template":"","meta":{"footnotes":""},"class_list":["post-2913","page","type-page","status-publish","hentry","entry"],"yoast_head":"<!-- This site is optimized with the Yoast SEO plugin v27.5 - https:\/\/yoast.com\/product\/yoast-seo-wordpress\/ -->\n<title>Baia 32 yacht de 32 \u00e0 louer \u00e0 Cannes | Absolute Boat C\u00f4te d&#039;Azur<\/title>\n<meta name=\"description\" content=\"Baia 32 yacht \u00e0 louer pour 10 personnes, il dispose de 4 cabines, c&#039;est un bateau parfait pour St Tropez, la Corse ou Monaco, il dispose de tout le confort.\" \/>\n<meta name=\"robots\" content=\"index, follow, max-snippet:-1, max-image-preview:large, max-video-preview:-1\" \/>\n<link rel=\"canonical\" href=\"https:\/\/absoluteboat.com\/index.php\/baia-32-yacht-a-louer-cannes\/\" \/>\n<meta property=\"og:locale\" content=\"fr_FR\" \/>\n<meta property=\"og:type\" content=\"article\" \/>\n<meta property=\"og:title\" content=\"Baia 32 yacht de 32 \u00e0 louer \u00e0 Cannes | Absolute Boat C\u00f4te d&#039;Azur\" \/>\n<meta property=\"og:description\" content=\"Baia 32 yacht \u00e0 louer pour 10 personnes, il dispose de 4 cabines, c&#039;est un bateau parfait pour St Tropez, la Corse ou Monaco, il dispose de tout le confort.\" \/>\n<meta property=\"og:url\" content=\"https:\/\/absoluteboat.com\/index.php\/baia-32-yacht-a-louer-cannes\/\" \/>\n<meta property=\"og:site_name\" content=\"ABSOLUTE BOAT\" \/>\n<meta property=\"article:publisher\" content=\"https:\/\/www.facebook.com\/AbsoluteBoatCoteDazur\" \/>\n<meta property=\"article:modified_time\" content=\"2024-01-10T15:19:40+00:00\" \/>\n<meta name=\"twitter:card\" content=\"summary_large_image\" \/>\n<meta name=\"twitter:site\" content=\"@absoluteboat\" \/>\n<meta name=\"twitter:label1\" content=\"Dur\u00e9e de lecture estim\u00e9e\" \/>\n\t<meta name=\"twitter:data1\" content=\"1 minute\" \/>\n<script type=\"application\/ld+json\" class=\"yoast-schema-graph\">{\"@context\":\"https:\\\/\\\/schema.org\",\"@graph\":[{\"@type\":\"WebPage\",\"@id\":\"https:\\\/\\\/absoluteboat.com\\\/index.php\\\/baia-32-yacht-a-louer-cannes\\\/\",\"url\":\"https:\\\/\\\/absoluteboat.com\\\/index.php\\\/baia-32-yacht-a-louer-cannes\\\/\",\"name\":\"Baia 32 yacht de 32 \u00e0 louer \u00e0 Cannes | Absolute Boat C\u00f4te d'Azur\",\"isPartOf\":{\"@id\":\"https:\\\/\\\/absoluteboat.com\\\/#website\"},\"datePublished\":\"2021-04-15T09:44:35+00:00\",\"dateModified\":\"2024-01-10T15:19:40+00:00\",\"description\":\"Baia 32 yacht \u00e0 louer pour 10 personnes, il dispose de 4 cabines, c'est un bateau parfait pour St Tropez, la Corse ou Monaco, il dispose de tout le confort.\",\"breadcrumb\":{\"@id\":\"https:\\\/\\\/absoluteboat.com\\\/index.php\\\/baia-32-yacht-a-louer-cannes\\\/#breadcrumb\"},\"inLanguage\":\"fr-FR\",\"potentialAction\":[{\"@type\":\"ReadAction\",\"target\":[\"https:\\\/\\\/absoluteboat.com\\\/index.php\\\/baia-32-yacht-a-louer-cannes\\\/\"]}]},{\"@type\":\"BreadcrumbList\",\"@id\":\"https:\\\/\\\/absoluteboat.com\\\/index.php\\\/baia-32-yacht-a-louer-cannes\\\/#breadcrumb\",\"itemListElement\":[{\"@type\":\"ListItem\",\"position\":1,\"name\":\"Accueil\",\"item\":\"https:\\\/\\\/absoluteboat.com\\\/\"},{\"@type\":\"ListItem\",\"position\":2,\"name\":\"baia-32-yacht-a-louer-cannes\"}]},{\"@type\":\"WebSite\",\"@id\":\"https:\\\/\\\/absoluteboat.com\\\/#website\",\"url\":\"https:\\\/\\\/absoluteboat.com\\\/\",\"name\":\"ABSOLUTE BOAT\",\"description\":\"Location de bateaux et de yacht \u00e0 Cannes\",\"publisher\":{\"@id\":\"https:\\\/\\\/absoluteboat.com\\\/#organization\"},\"potentialAction\":[{\"@type\":\"SearchAction\",\"target\":{\"@type\":\"EntryPoint\",\"urlTemplate\":\"https:\\\/\\\/absoluteboat.com\\\/?s={search_term_string}\"},\"query-input\":{\"@type\":\"PropertyValueSpecification\",\"valueRequired\":true,\"valueName\":\"search_term_string\"}}],\"inLanguage\":\"fr-FR\"},{\"@type\":\"Organization\",\"@id\":\"https:\\\/\\\/absoluteboat.com\\\/#organization\",\"name\":\"ABSOLUTE BOAT\",\"url\":\"https:\\\/\\\/absoluteboat.com\\\/\",\"logo\":{\"@type\":\"ImageObject\",\"inLanguage\":\"fr-FR\",\"@id\":\"https:\\\/\\\/absoluteboat.com\\\/#\\\/schema\\\/logo\\\/image\\\/\",\"url\":\"https:\\\/\\\/absoluteboat.com\\\/wp-content\\\/uploads\\\/2021\\\/04\\\/absoluteLogoSite.png\",\"contentUrl\":\"https:\\\/\\\/absoluteboat.com\\\/wp-content\\\/uploads\\\/2021\\\/04\\\/absoluteLogoSite.png\",\"width\":1263,\"height\":123,\"caption\":\"ABSOLUTE BOAT\"},\"image\":{\"@id\":\"https:\\\/\\\/absoluteboat.com\\\/#\\\/schema\\\/logo\\\/image\\\/\"},\"sameAs\":[\"https:\\\/\\\/www.facebook.com\\\/AbsoluteBoatCoteDazur\",\"https:\\\/\\\/x.com\\\/absoluteboat\",\"https:\\\/\\\/www.instagram.com\\\/absoluteboatcannes\\\/\",\"https:\\\/\\\/www.tiktok.com\\\/@absoluteboat\",\"https:\\\/\\\/www.linkedin.com\\\/company\\\/absolute-boat-cote-dazur?trk=similar-pages_result-card_full-click\"]}]}<\/script>\n<!-- \/ Yoast SEO plugin. -->","yoast_head_json":{"title":"Baia 32 yacht de 32 \u00e0 louer \u00e0 Cannes | Absolute Boat C\u00f4te d'Azur","description":"Baia 32 yacht \u00e0 louer pour 10 personnes, il dispose de 4 cabines, c'est un bateau parfait pour St Tropez, la Corse ou Monaco, il dispose de tout le confort.","robots":{"index":"index","follow":"follow","max-snippet":"max-snippet:-1","max-image-preview":"max-image-preview:large","max-video-preview":"max-video-preview:-1"},"canonical":"https:\/\/absoluteboat.com\/index.php\/baia-32-yacht-a-louer-cannes\/","og_locale":"fr_FR","og_type":"article","og_title":"Baia 32 yacht de 32 \u00e0 louer \u00e0 Cannes | Absolute Boat C\u00f4te d'Azur","og_description":"Baia 32 yacht \u00e0 louer pour 10 personnes, il dispose de 4 cabines, c'est un bateau parfait pour St Tropez, la Corse ou Monaco, il dispose de tout le confort.","og_url":"https:\/\/absoluteboat.com\/index.php\/baia-32-yacht-a-louer-cannes\/","og_site_name":"ABSOLUTE BOAT","article_publisher":"https:\/\/www.facebook.com\/AbsoluteBoatCoteDazur","article_modified_time":"2024-01-10T15:19:40+00:00","twitter_card":"summary_large_image","twitter_site":"@absoluteboat","twitter_misc":{"Dur\u00e9e de lecture estim\u00e9e":"1 minute"},"schema":{"@context":"https:\/\/schema.org","@graph":[{"@type":"WebPage","@id":"https:\/\/absoluteboat.com\/index.php\/baia-32-yacht-a-louer-cannes\/","url":"https:\/\/absoluteboat.com\/index.php\/baia-32-yacht-a-louer-cannes\/","name":"Baia 32 yacht de 32 \u00e0 louer \u00e0 Cannes | Absolute Boat C\u00f4te d'Azur","isPartOf":{"@id":"https:\/\/absoluteboat.com\/#website"},"datePublished":"2021-04-15T09:44:35+00:00","dateModified":"2024-01-10T15:19:40+00:00","description":"Baia 32 yacht \u00e0 louer pour 10 personnes, il dispose de 4 cabines, c'est un bateau parfait pour St Tropez, la Corse ou Monaco, il dispose de tout le confort.","breadcrumb":{"@id":"https:\/\/absoluteboat.com\/index.php\/baia-32-yacht-a-louer-cannes\/#breadcrumb"},"inLanguage":"fr-FR","potentialAction":[{"@type":"ReadAction","target":["https:\/\/absoluteboat.com\/index.php\/baia-32-yacht-a-louer-cannes\/"]}]},{"@type":"BreadcrumbList","@id":"https:\/\/absoluteboat.com\/index.php\/baia-32-yacht-a-louer-cannes\/#breadcrumb","itemListElement":[{"@type":"ListItem","position":1,"name":"Accueil","item":"https:\/\/absoluteboat.com\/"},{"@type":"ListItem","position":2,"name":"baia-32-yacht-a-louer-cannes"}]},{"@type":"WebSite","@id":"https:\/\/absoluteboat.com\/#website","url":"https:\/\/absoluteboat.com\/","name":"ABSOLUTE BOAT","description":"Location de bateaux et de yacht \u00e0 Cannes","publisher":{"@id":"https:\/\/absoluteboat.com\/#organization"},"potentialAction":[{"@type":"SearchAction","target":{"@type":"EntryPoint","urlTemplate":"https:\/\/absoluteboat.com\/?s={search_term_string}"},"query-input":{"@type":"PropertyValueSpecification","valueRequired":true,"valueName":"search_term_string"}}],"inLanguage":"fr-FR"},{"@type":"Organization","@id":"https:\/\/absoluteboat.com\/#organization","name":"ABSOLUTE BOAT","url":"https:\/\/absoluteboat.com\/","logo":{"@type":"ImageObject","inLanguage":"fr-FR","@id":"https:\/\/absoluteboat.com\/#\/schema\/logo\/image\/","url":"https:\/\/absoluteboat.com\/wp-content\/uploads\/2021\/04\/absoluteLogoSite.png","contentUrl":"https:\/\/absoluteboat.com\/wp-content\/uploads\/2021\/04\/absoluteLogoSite.png","width":1263,"height":123,"caption":"ABSOLUTE BOAT"},"image":{"@id":"https:\/\/absoluteboat.com\/#\/schema\/logo\/image\/"},"sameAs":["https:\/\/www.facebook.com\/AbsoluteBoatCoteDazur","https:\/\/x.com\/absoluteboat","https:\/\/www.instagram.com\/absoluteboatcannes\/","https:\/\/www.tiktok.com\/@absoluteboat","https:\/\/www.linkedin.com\/company\/absolute-boat-cote-dazur?trk=similar-pages_result-card_full-click"]}]}},"_links":{"self":[{"href":"https:\/\/absoluteboat.com\/index.php\/wp-json\/wp\/v2\/pages\/2913","targetHints":{"allow":["GET"]}}],"collection":[{"href":"https:\/\/absoluteboat.com\/index.php\/wp-json\/wp\/v2\/pages"}],"about":[{"href":"https:\/\/absoluteboat.com\/index.php\/wp-json\/wp\/v2\/types\/page"}],"author":[{"embeddable":true,"href":"https:\/\/absoluteboat.com\/index.php\/wp-json\/wp\/v2\/users\/1"}],"replies":[{"embeddable":true,"href":"https:\/\/absoluteboat.com\/index.php\/wp-json\/wp\/v2\/comments?post=2913"}],"version-history":[{"count":8,"href":"https:\/\/absoluteboat.com\/index.php\/wp-json\/wp\/v2\/pages\/2913\/revisions"}],"predecessor-version":[{"id":12064,"href":"https:\/\/absoluteboat.com\/index.php\/wp-json\/wp\/v2\/pages\/2913\/revisions\/12064"}],"wp:attachment":[{"href":"https:\/\/absoluteboat.com\/index.php\/wp-json\/wp\/v2\/media?parent=2913"}],"curies":[{"name":"wp","href":"https:\/\/api.w.org\/{rel}","templated":true}]}}