{"id":2239,"date":"2021-04-12T23:49:35","date_gmt":"2021-04-12T21:49:35","guid":{"rendered":"https:\/\/absoluteboat.com\/?page_id=2239"},"modified":"2024-01-08T10:43:59","modified_gmt":"2024-01-08T09:43:59","slug":"absolute-60-location-cannes","status":"publish","type":"page","link":"https:\/\/absoluteboat.com\/index.php\/absolute-60-location-cannes\/","title":{"rendered":"absolute-60-location-cannes"},"content":{"rendered":"\t\t<div data-elementor-type=\"wp-page\" data-elementor-id=\"2239\" class=\"elementor elementor-2239\">\n\t\t\t\t\t\t<section class=\"elementor-section elementor-top-section elementor-element elementor-element-4e8eeb8a elementor-section-full_width elementor-section-stretched elementor-section-height-default elementor-section-height-default\" data-id=\"4e8eeb8a\" data-element_type=\"section\" data-e-type=\"section\" data-settings=\"{&quot;stretch_section&quot;:&quot;section-stretched&quot;}\">\n\t\t\t\t\t\t<div class=\"elementor-container elementor-column-gap-narrow\">\n\t\t\t\t\t<div class=\"elementor-column elementor-col-25 elementor-top-column elementor-element elementor-element-465fa7c3\" data-id=\"465fa7c3\" data-element_type=\"column\" data-e-type=\"column\">\n\t\t\t<div class=\"elementor-widget-wrap\">\n\t\t\t\t\t\t\t<\/div>\n\t\t<\/div>\n\t\t\t\t<div class=\"elementor-column elementor-col-50 elementor-top-column elementor-element elementor-element-48f78d93\" data-id=\"48f78d93\" data-element_type=\"column\" data-e-type=\"column\">\n\t\t\t<div class=\"elementor-widget-wrap\">\n\t\t\t\t\t\t\t<\/div>\n\t\t<\/div>\n\t\t\t\t<div class=\"elementor-column elementor-col-25 elementor-top-column elementor-element elementor-element-2c2ddd32\" data-id=\"2c2ddd32\" data-element_type=\"column\" data-e-type=\"column\">\n\t\t\t<div class=\"elementor-widget-wrap elementor-element-populated\">\n\t\t\t\t\t\t<div class=\"elementor-element elementor-element-5b61a68c elementor-align-center elementor-hidden-phone elementor-widget elementor-widget-button\" data-id=\"5b61a68c\" data-element_type=\"widget\" data-e-type=\"widget\" data-widget_type=\"button.default\">\n\t\t\t\t<div class=\"elementor-widget-container\">\n\t\t\t\t\t\t\t\t\t<div class=\"elementor-button-wrapper\">\n\t\t\t\t\t<a class=\"elementor-button elementor-button-link elementor-size-xs\" href=\"https:\/\/absoluteboat.com\/index.php\/location-de-bateaux-de-moins-de-20m-a-cannes\/\">\n\t\t\t\t\t\t<span class=\"elementor-button-content-wrapper\">\n\t\t\t\t\t\t<span class=\"elementor-button-icon\">\n\t\t\t\t<i aria-hidden=\"true\" class=\"far fa-window-close\"><\/i>\t\t\t<\/span>\n\t\t\t\t\t\t\t\t\t<span class=\"elementor-button-text\">FERMER<\/span>\n\t\t\t\t\t<\/span>\n\t\t\t\t\t<\/a>\n\t\t\t\t<\/div>\n\t\t\t\t\t\t\t\t<\/div>\n\t\t\t\t<\/div>\n\t\t\t\t\t<\/div>\n\t\t<\/div>\n\t\t\t\t\t<\/div>\n\t\t<\/section>\n\t\t\t\t<section class=\"elementor-section elementor-top-section elementor-element elementor-element-7c332f5b elementor-section-stretched elementor-section-boxed elementor-section-height-default elementor-section-height-default\" data-id=\"7c332f5b\" data-element_type=\"section\" data-e-type=\"section\" data-settings=\"{&quot;stretch_section&quot;:&quot;section-stretched&quot;}\">\n\t\t\t\t\t\t<div class=\"elementor-container elementor-column-gap-default\">\n\t\t\t\t\t<div class=\"elementor-column elementor-col-100 elementor-top-column elementor-element elementor-element-11c36e62\" data-id=\"11c36e62\" data-element_type=\"column\" data-e-type=\"column\">\n\t\t\t<div class=\"elementor-widget-wrap elementor-element-populated\">\n\t\t\t\t\t\t<div class=\"elementor-element elementor-element-66999ec8 elementor-invisible elementor-widget elementor-widget-heading\" data-id=\"66999ec8\" data-element_type=\"widget\" data-e-type=\"widget\" data-settings=\"{&quot;_animation&quot;:&quot;fadeInUp&quot;}\" data-widget_type=\"heading.default\">\n\t\t\t\t<div class=\"elementor-widget-container\">\n\t\t\t\t\t<h2 class=\"elementor-heading-title elementor-size-default\">ABSOLUTE 60<\/h2>\t\t\t\t<\/div>\n\t\t\t\t<\/div>\n\t\t\t\t\t<\/div>\n\t\t<\/div>\n\t\t\t\t\t<\/div>\n\t\t<\/section>\n\t\t\t\t<section class=\"elementor-section elementor-top-section elementor-element elementor-element-bd09b88 elementor-section-full_width elementor-section-stretched elementor-section-height-default elementor-section-height-default\" data-id=\"bd09b88\" data-element_type=\"section\" data-e-type=\"section\" data-settings=\"{&quot;stretch_section&quot;:&quot;section-stretched&quot;}\">\n\t\t\t\t\t\t<div class=\"elementor-container elementor-column-gap-default\">\n\t\t\t\t\t<div class=\"elementor-column elementor-col-50 elementor-top-column elementor-element elementor-element-ff59fa1\" data-id=\"ff59fa1\" data-element_type=\"column\" data-e-type=\"column\">\n\t\t\t<div class=\"elementor-widget-wrap elementor-element-populated\">\n\t\t\t\t\t\t<div class=\"elementor-element elementor-element-725d629d elementor-widget elementor-widget-shortcode\" data-id=\"725d629d\" data-element_type=\"widget\" data-e-type=\"widget\" data-widget_type=\"shortcode.default\">\n\t\t\t\t<div class=\"elementor-widget-container\">\n\t\t\t\t\t\t\t<div class=\"elementor-shortcode\"><\/div>\n\t\t\t\t\t\t<\/div>\n\t\t\t\t<\/div>\n\t\t\t\t\t<\/div>\n\t\t<\/div>\n\t\t\t\t<div class=\"elementor-column elementor-col-50 elementor-top-column elementor-element elementor-element-4d0cb451\" data-id=\"4d0cb451\" data-element_type=\"column\" data-e-type=\"column\">\n\t\t\t<div class=\"elementor-widget-wrap elementor-element-populated\">\n\t\t\t\t\t\t<div class=\"elementor-element elementor-element-2b26b397 elementor-widget elementor-widget-heading\" data-id=\"2b26b397\" data-element_type=\"widget\" data-e-type=\"widget\" data-widget_type=\"heading.default\">\n\t\t\t\t<div class=\"elementor-widget-container\">\n\t\t\t\t\t<h3 class=\"elementor-heading-title elementor-size-default\">10200\u20ac \/ jour<\/h3>\t\t\t\t<\/div>\n\t\t\t\t<\/div>\n\t\t\t\t<div class=\"elementor-element elementor-element-9cfa551 elementor-widget elementor-widget-heading\" data-id=\"9cfa551\" data-element_type=\"widget\" data-e-type=\"widget\" data-widget_type=\"heading.default\">\n\t\t\t\t<div class=\"elementor-widget-container\">\n\t\t\t\t\t<h3 class=\"elementor-heading-title elementor-size-default\">61200\u20ac \/ semaine<\/h3>\t\t\t\t<\/div>\n\t\t\t\t<\/div>\n\t\t\t\t<div class=\"elementor-element elementor-element-763db138 elementor-widget-divider--view-line elementor-widget elementor-widget-divider\" data-id=\"763db138\" data-element_type=\"widget\" data-e-type=\"widget\" data-widget_type=\"divider.default\">\n\t\t\t\t<div class=\"elementor-widget-container\">\n\t\t\t\t\t\t\t<div class=\"elementor-divider\">\n\t\t\t<span class=\"elementor-divider-separator\">\n\t\t\t\t\t\t<\/span>\n\t\t<\/div>\n\t\t\t\t\t\t<\/div>\n\t\t\t\t<\/div>\n\t\t\t\t<div class=\"elementor-element elementor-element-40be1db8 elementor-widget elementor-widget-text-editor\" data-id=\"40be1db8\" data-element_type=\"widget\" data-e-type=\"widget\" data-widget_type=\"text-editor.default\">\n\t\t\t\t<div class=\"elementor-widget-container\">\n\t\t\t\t\t\t\t\t\t<p style=\"padding-left: 40px;\">LONGUEUR : 18,40m<\/p><p style=\"padding-left: 40px;\">PASSAGERS: 12<\/p><p style=\"padding-left: 40px;\">\u00c9QUIPAGE: 2<\/p><p style=\"padding-left: 40px;\">CABINES: 3<\/p><p style=\"padding-left: 40px;\">CARBURANT: Diesel<\/p><p style=\"padding-left: 40px;\">EQUIPEMENTS: Douche de pont \/ Frigo \/ TV \/ Radio<\/p><p style=\"padding-left: 40px;\">Tarif : Il ne comprend ni les frais d\u2019avitaillement, ni les frais de carburant ainsi que les \u00e9ventuelles taxes<\/p>\t\t\t\t\t\t\t\t<\/div>\n\t\t\t\t<\/div>\n\t\t\t\t<div class=\"elementor-element elementor-element-3fc052cd elementor-widget elementor-widget-spacer\" data-id=\"3fc052cd\" data-element_type=\"widget\" data-e-type=\"widget\" data-widget_type=\"spacer.default\">\n\t\t\t\t<div class=\"elementor-widget-container\">\n\t\t\t\t\t\t\t<div class=\"elementor-spacer\">\n\t\t\t<div class=\"elementor-spacer-inner\"><\/div>\n\t\t<\/div>\n\t\t\t\t\t\t<\/div>\n\t\t\t\t<\/div>\n\t\t\t\t<section class=\"elementor-section elementor-inner-section elementor-element elementor-element-2170d71f elementor-section-boxed elementor-section-height-default elementor-section-height-default\" data-id=\"2170d71f\" data-element_type=\"section\" data-e-type=\"section\">\n\t\t\t\t\t\t<div class=\"elementor-container elementor-column-gap-default\">\n\t\t\t\t\t<div class=\"elementor-column elementor-col-50 elementor-inner-column elementor-element elementor-element-633bce99\" data-id=\"633bce99\" data-element_type=\"column\" data-e-type=\"column\">\n\t\t\t<div class=\"elementor-widget-wrap elementor-element-populated\">\n\t\t\t\t\t\t<div class=\"elementor-element elementor-element-4b5efa46 elementor-align-justify elementor-widget elementor-widget-button\" data-id=\"4b5efa46\" data-element_type=\"widget\" data-e-type=\"widget\" data-widget_type=\"button.default\">\n\t\t\t\t<div class=\"elementor-widget-container\">\n\t\t\t\t\t\t\t\t\t<div class=\"elementor-button-wrapper\">\n\t\t\t\t\t<a class=\"elementor-button elementor-button-link elementor-size-xs\" href=\"tel:+33611733056\">\n\t\t\t\t\t\t<span class=\"elementor-button-content-wrapper\">\n\t\t\t\t\t\t<span class=\"elementor-button-icon\">\n\t\t\t\t<i aria-hidden=\"true\" class=\"fas fa-phone-volume\"><\/i>\t\t\t<\/span>\n\t\t\t\t\t\t\t\t\t<span class=\"elementor-button-text\">APPELER<\/span>\n\t\t\t\t\t<\/span>\n\t\t\t\t\t<\/a>\n\t\t\t\t<\/div>\n\t\t\t\t\t\t\t\t<\/div>\n\t\t\t\t<\/div>\n\t\t\t\t\t<\/div>\n\t\t<\/div>\n\t\t\t\t<div class=\"elementor-column elementor-col-50 elementor-inner-column elementor-element elementor-element-103de260\" data-id=\"103de260\" data-element_type=\"column\" data-e-type=\"column\">\n\t\t\t<div class=\"elementor-widget-wrap elementor-element-populated\">\n\t\t\t\t\t\t<div class=\"elementor-element elementor-element-6d7bba6f elementor-align-justify elementor-widget elementor-widget-button\" data-id=\"6d7bba6f\" data-element_type=\"widget\" data-e-type=\"widget\" data-widget_type=\"button.default\">\n\t\t\t\t<div class=\"elementor-widget-container\">\n\t\t\t\t\t\t\t\t\t<div class=\"elementor-button-wrapper\">\n\t\t\t\t\t<a class=\"elementor-button elementor-button-link elementor-size-xs\" href=\"mailto:contact@absoluteboat.com?subject=Absolute%2060\" mangusta=\"\">\n\t\t\t\t\t\t<span class=\"elementor-button-content-wrapper\">\n\t\t\t\t\t\t<span class=\"elementor-button-icon\">\n\t\t\t\t<i aria-hidden=\"true\" class=\"fas fa-at\"><\/i>\t\t\t<\/span>\n\t\t\t\t\t\t\t\t\t<span class=\"elementor-button-text\">CONTACT<\/span>\n\t\t\t\t\t<\/span>\n\t\t\t\t\t<\/a>\n\t\t\t\t<\/div>\n\t\t\t\t\t\t\t\t<\/div>\n\t\t\t\t<\/div>\n\t\t\t\t\t<\/div>\n\t\t<\/div>\n\t\t\t\t\t<\/div>\n\t\t<\/section>\n\t\t\t\t\t<\/div>\n\t\t<\/div>\n\t\t\t\t\t<\/div>\n\t\t<\/section>\n\t\t\t\t<section class=\"elementor-section elementor-top-section elementor-element elementor-element-550837c4 elementor-section-full_width elementor-section-height-default elementor-section-height-default\" data-id=\"550837c4\" data-element_type=\"section\" data-e-type=\"section\">\n\t\t\t\t\t\t<div class=\"elementor-container elementor-column-gap-default\">\n\t\t\t\t\t<div class=\"elementor-column elementor-col-33 elementor-top-column elementor-element elementor-element-4f836b2\" data-id=\"4f836b2\" data-element_type=\"column\" data-e-type=\"column\">\n\t\t\t<div class=\"elementor-widget-wrap\">\n\t\t\t\t\t\t\t<\/div>\n\t\t<\/div>\n\t\t\t\t<div class=\"elementor-column elementor-col-33 elementor-top-column elementor-element elementor-element-5bdc3a2b\" data-id=\"5bdc3a2b\" data-element_type=\"column\" data-e-type=\"column\">\n\t\t\t<div class=\"elementor-widget-wrap elementor-element-populated\">\n\t\t\t\t\t\t<div class=\"elementor-element elementor-element-4297595b elementor-align-center elementor-hidden-desktop elementor-hidden-tablet elementor-widget elementor-widget-button\" data-id=\"4297595b\" data-element_type=\"widget\" data-e-type=\"widget\" data-widget_type=\"button.default\">\n\t\t\t\t<div class=\"elementor-widget-container\">\n\t\t\t\t\t\t\t\t\t<div class=\"elementor-button-wrapper\">\n\t\t\t\t\t<a class=\"elementor-button elementor-button-link elementor-size-xs\" href=\"https:\/\/absoluteboat.com\/index.php\/location-de-bateaux-de-moins-de-20m-a-cannes\/\">\n\t\t\t\t\t\t<span class=\"elementor-button-content-wrapper\">\n\t\t\t\t\t\t<span class=\"elementor-button-icon\">\n\t\t\t\t<i aria-hidden=\"true\" class=\"far fa-window-close\"><\/i>\t\t\t<\/span>\n\t\t\t\t\t\t\t\t\t<span class=\"elementor-button-text\">FERMER<\/span>\n\t\t\t\t\t<\/span>\n\t\t\t\t\t<\/a>\n\t\t\t\t<\/div>\n\t\t\t\t\t\t\t\t<\/div>\n\t\t\t\t<\/div>\n\t\t\t\t\t<\/div>\n\t\t<\/div>\n\t\t\t\t<div class=\"elementor-column elementor-col-33 elementor-top-column elementor-element elementor-element-35f9a744\" data-id=\"35f9a744\" data-element_type=\"column\" data-e-type=\"column\">\n\t\t\t<div class=\"elementor-widget-wrap\">\n\t\t\t\t\t\t\t<\/div>\n\t\t<\/div>\n\t\t\t\t\t<\/div>\n\t\t<\/section>\n\t\t\t\t<section class=\"elementor-section elementor-top-section elementor-element elementor-element-371b5275 elementor-section-boxed elementor-section-height-default elementor-section-height-default\" data-id=\"371b5275\" data-element_type=\"section\" data-e-type=\"section\">\n\t\t\t\t\t\t<div class=\"elementor-container elementor-column-gap-default\">\n\t\t\t\t\t<div class=\"elementor-column elementor-col-100 elementor-top-column elementor-element elementor-element-2672cf35\" data-id=\"2672cf35\" data-element_type=\"column\" data-e-type=\"column\">\n\t\t\t<div class=\"elementor-widget-wrap elementor-element-populated\">\n\t\t\t\t\t\t<div class=\"elementor-element elementor-element-3ed779e1 elementor-widget elementor-widget-spacer\" data-id=\"3ed779e1\" data-element_type=\"widget\" data-e-type=\"widget\" data-widget_type=\"spacer.default\">\n\t\t\t\t<div class=\"elementor-widget-container\">\n\t\t\t\t\t\t\t<div class=\"elementor-spacer\">\n\t\t\t<div class=\"elementor-spacer-inner\"><\/div>\n\t\t<\/div>\n\t\t\t\t\t\t<\/div>\n\t\t\t\t<\/div>\n\t\t\t\t\t<\/div>\n\t\t<\/div>\n\t\t\t\t\t<\/div>\n\t\t<\/section>\n\t\t\t\t<section class=\"elementor-section elementor-top-section elementor-element elementor-element-5d682ab elementor-section-full_width elementor-section-stretched elementor-section-height-default elementor-section-height-default\" data-id=\"5d682ab\" data-element_type=\"section\" data-e-type=\"section\" data-settings=\"{&quot;stretch_section&quot;:&quot;section-stretched&quot;}\">\n\t\t\t\t\t\t<div class=\"elementor-container elementor-column-gap-default\">\n\t\t\t\t\t<div class=\"elementor-column elementor-col-100 elementor-top-column elementor-element elementor-element-79113bd6\" data-id=\"79113bd6\" data-element_type=\"column\" data-e-type=\"column\">\n\t\t\t<div class=\"elementor-widget-wrap elementor-element-populated\">\n\t\t\t\t\t\t<div class=\"elementor-element elementor-element-62241451 elementor-widget elementor-widget-sina_content_box\" data-id=\"62241451\" data-element_type=\"widget\" data-e-type=\"widget\" data-widget_type=\"sina_content_box.default\">\n\t\t\t\t<div class=\"elementor-widget-container\">\n\t\t\t\t\t\t\t<div class=\"sina-content-box clearfix sina-content-box-move \">\r\n\r\n\t\t\t\r\n\t\t\t\r\n\t\t\t\t\t\t\t\t\r\n\t\t\t\t\t<div class=\"sina-content-box-content\">\r\n\t\t\t\t\t\t\t\t\t\t\t\t\t<h3 class=\"sina-content-box-title\">\r\n\t\t\t\t\t\t\t\t\t\t\t\t\t\t\t\t\tAbsolute Boat C\u00f4te d'Azur\t\t\t\t\t\t\t\t\t\t\t\t\t\t\t<\/h3>\r\n\t\t\t\t\t\t\r\n\t\t\t\t\t\t\t\t\t\t\t\t\t<div class=\"sina-content-box-desc\">Location de bateaux et de yachts sur la C\u00f4te d'Azur depuis 2004.<\/div>\t\t\t\t\t\t\r\n\t\t\t\t\t\t\t\t\t\t\t<\/div>\r\n\t\t\t\t\t<\/div><!-- .sina-content-box -->\r\n\t\t\t\t\t\t<\/div>\n\t\t\t\t<\/div>\n\t\t\t\t\t<\/div>\n\t\t<\/div>\n\t\t\t\t\t<\/div>\n\t\t<\/section>\n\t\t\t\t<\/div>\n\t\t","protected":false},"excerpt":{"rendered":"<p>FERMER ABSOLUTE 60 10200\u20ac \/ jour 61200\u20ac \/ semaine LONGUEUR : 18,40m PASSAGERS: 12 \u00c9QUIPAGE: 2 CABINES: 3 CARBURANT: Diesel EQUIPEMENTS: Douche de pont \/ Frigo \/ TV \/ Radio Tarif : Il ne comprend ni les frais d\u2019avitaillement, ni les frais de carburant ainsi que les \u00e9ventuelles taxes APPELER CONTACT FERMER Absolute Boat C\u00f4te [&hellip;]<\/p>\n","protected":false},"author":1,"featured_media":0,"parent":0,"menu_order":0,"comment_status":"closed","ping_status":"closed","template":"","meta":{"footnotes":""},"class_list":["post-2239","page","type-page","status-publish","hentry","entry"],"yoast_head":"<!-- This site is optimized with the Yoast SEO plugin v27.5 - https:\/\/yoast.com\/product\/yoast-seo-wordpress\/ -->\n<title>Absolute 60 \u00e0 louer \u00e0 Cannes | Absolute Boat Cannes<\/title>\n<meta name=\"description\" content=\"Absolute 60 \u00e0 louer \u00e0 Cannes, il dispose de 3 cabines et peut embarquer 12 personnes en journ\u00e9es. Parfait pour aller \u00e0 Monaco ou aux \u00eeles de L\u00e9rins\" \/>\n<meta name=\"robots\" content=\"index, follow, max-snippet:-1, max-image-preview:large, max-video-preview:-1\" \/>\n<link rel=\"canonical\" href=\"https:\/\/absoluteboat.com\/index.php\/absolute-60-location-cannes\/\" \/>\n<meta property=\"og:locale\" content=\"fr_FR\" \/>\n<meta property=\"og:type\" content=\"article\" \/>\n<meta property=\"og:title\" content=\"Absolute 60 \u00e0 louer \u00e0 Cannes | Absolute Boat Cannes\" \/>\n<meta property=\"og:description\" content=\"Absolute 60 \u00e0 louer \u00e0 Cannes, il dispose de 3 cabines et peut embarquer 12 personnes en journ\u00e9es. Parfait pour aller \u00e0 Monaco ou aux \u00eeles de L\u00e9rins\" \/>\n<meta property=\"og:url\" content=\"https:\/\/absoluteboat.com\/index.php\/absolute-60-location-cannes\/\" \/>\n<meta property=\"og:site_name\" content=\"ABSOLUTE BOAT\" \/>\n<meta property=\"article:publisher\" content=\"https:\/\/www.facebook.com\/AbsoluteBoatCoteDazur\" \/>\n<meta property=\"article:modified_time\" content=\"2024-01-08T09:43:59+00:00\" \/>\n<meta name=\"twitter:card\" content=\"summary_large_image\" \/>\n<meta name=\"twitter:site\" content=\"@absoluteboat\" \/>\n<meta name=\"twitter:label1\" content=\"Dur\u00e9e de lecture estim\u00e9e\" \/>\n\t<meta name=\"twitter:data1\" content=\"1 minute\" \/>\n<script type=\"application\/ld+json\" class=\"yoast-schema-graph\">{\"@context\":\"https:\\\/\\\/schema.org\",\"@graph\":[{\"@type\":\"WebPage\",\"@id\":\"https:\\\/\\\/absoluteboat.com\\\/index.php\\\/absolute-60-location-cannes\\\/\",\"url\":\"https:\\\/\\\/absoluteboat.com\\\/index.php\\\/absolute-60-location-cannes\\\/\",\"name\":\"Absolute 60 \u00e0 louer \u00e0 Cannes | Absolute Boat Cannes\",\"isPartOf\":{\"@id\":\"https:\\\/\\\/absoluteboat.com\\\/#website\"},\"datePublished\":\"2021-04-12T21:49:35+00:00\",\"dateModified\":\"2024-01-08T09:43:59+00:00\",\"description\":\"Absolute 60 \u00e0 louer \u00e0 Cannes, il dispose de 3 cabines et peut embarquer 12 personnes en journ\u00e9es. Parfait pour aller \u00e0 Monaco ou aux \u00eeles de L\u00e9rins\",\"breadcrumb\":{\"@id\":\"https:\\\/\\\/absoluteboat.com\\\/index.php\\\/absolute-60-location-cannes\\\/#breadcrumb\"},\"inLanguage\":\"fr-FR\",\"potentialAction\":[{\"@type\":\"ReadAction\",\"target\":[\"https:\\\/\\\/absoluteboat.com\\\/index.php\\\/absolute-60-location-cannes\\\/\"]}]},{\"@type\":\"BreadcrumbList\",\"@id\":\"https:\\\/\\\/absoluteboat.com\\\/index.php\\\/absolute-60-location-cannes\\\/#breadcrumb\",\"itemListElement\":[{\"@type\":\"ListItem\",\"position\":1,\"name\":\"Accueil\",\"item\":\"https:\\\/\\\/absoluteboat.com\\\/\"},{\"@type\":\"ListItem\",\"position\":2,\"name\":\"absolute-60-location-cannes\"}]},{\"@type\":\"WebSite\",\"@id\":\"https:\\\/\\\/absoluteboat.com\\\/#website\",\"url\":\"https:\\\/\\\/absoluteboat.com\\\/\",\"name\":\"ABSOLUTE BOAT\",\"description\":\"Location de bateaux et de yacht \u00e0 Cannes\",\"publisher\":{\"@id\":\"https:\\\/\\\/absoluteboat.com\\\/#organization\"},\"potentialAction\":[{\"@type\":\"SearchAction\",\"target\":{\"@type\":\"EntryPoint\",\"urlTemplate\":\"https:\\\/\\\/absoluteboat.com\\\/?s={search_term_string}\"},\"query-input\":{\"@type\":\"PropertyValueSpecification\",\"valueRequired\":true,\"valueName\":\"search_term_string\"}}],\"inLanguage\":\"fr-FR\"},{\"@type\":\"Organization\",\"@id\":\"https:\\\/\\\/absoluteboat.com\\\/#organization\",\"name\":\"ABSOLUTE BOAT\",\"url\":\"https:\\\/\\\/absoluteboat.com\\\/\",\"logo\":{\"@type\":\"ImageObject\",\"inLanguage\":\"fr-FR\",\"@id\":\"https:\\\/\\\/absoluteboat.com\\\/#\\\/schema\\\/logo\\\/image\\\/\",\"url\":\"https:\\\/\\\/absoluteboat.com\\\/wp-content\\\/uploads\\\/2021\\\/04\\\/absoluteLogoSite.png\",\"contentUrl\":\"https:\\\/\\\/absoluteboat.com\\\/wp-content\\\/uploads\\\/2021\\\/04\\\/absoluteLogoSite.png\",\"width\":1263,\"height\":123,\"caption\":\"ABSOLUTE BOAT\"},\"image\":{\"@id\":\"https:\\\/\\\/absoluteboat.com\\\/#\\\/schema\\\/logo\\\/image\\\/\"},\"sameAs\":[\"https:\\\/\\\/www.facebook.com\\\/AbsoluteBoatCoteDazur\",\"https:\\\/\\\/x.com\\\/absoluteboat\",\"https:\\\/\\\/www.instagram.com\\\/absoluteboatcannes\\\/\",\"https:\\\/\\\/www.tiktok.com\\\/@absoluteboat\",\"https:\\\/\\\/www.linkedin.com\\\/company\\\/absolute-boat-cote-dazur?trk=similar-pages_result-card_full-click\"]}]}<\/script>\n<!-- \/ Yoast SEO plugin. -->","yoast_head_json":{"title":"Absolute 60 \u00e0 louer \u00e0 Cannes | Absolute Boat Cannes","description":"Absolute 60 \u00e0 louer \u00e0 Cannes, il dispose de 3 cabines et peut embarquer 12 personnes en journ\u00e9es. Parfait pour aller \u00e0 Monaco ou aux \u00eeles de L\u00e9rins","robots":{"index":"index","follow":"follow","max-snippet":"max-snippet:-1","max-image-preview":"max-image-preview:large","max-video-preview":"max-video-preview:-1"},"canonical":"https:\/\/absoluteboat.com\/index.php\/absolute-60-location-cannes\/","og_locale":"fr_FR","og_type":"article","og_title":"Absolute 60 \u00e0 louer \u00e0 Cannes | Absolute Boat Cannes","og_description":"Absolute 60 \u00e0 louer \u00e0 Cannes, il dispose de 3 cabines et peut embarquer 12 personnes en journ\u00e9es. Parfait pour aller \u00e0 Monaco ou aux \u00eeles de L\u00e9rins","og_url":"https:\/\/absoluteboat.com\/index.php\/absolute-60-location-cannes\/","og_site_name":"ABSOLUTE BOAT","article_publisher":"https:\/\/www.facebook.com\/AbsoluteBoatCoteDazur","article_modified_time":"2024-01-08T09:43:59+00:00","twitter_card":"summary_large_image","twitter_site":"@absoluteboat","twitter_misc":{"Dur\u00e9e de lecture estim\u00e9e":"1 minute"},"schema":{"@context":"https:\/\/schema.org","@graph":[{"@type":"WebPage","@id":"https:\/\/absoluteboat.com\/index.php\/absolute-60-location-cannes\/","url":"https:\/\/absoluteboat.com\/index.php\/absolute-60-location-cannes\/","name":"Absolute 60 \u00e0 louer \u00e0 Cannes | Absolute Boat Cannes","isPartOf":{"@id":"https:\/\/absoluteboat.com\/#website"},"datePublished":"2021-04-12T21:49:35+00:00","dateModified":"2024-01-08T09:43:59+00:00","description":"Absolute 60 \u00e0 louer \u00e0 Cannes, il dispose de 3 cabines et peut embarquer 12 personnes en journ\u00e9es. Parfait pour aller \u00e0 Monaco ou aux \u00eeles de L\u00e9rins","breadcrumb":{"@id":"https:\/\/absoluteboat.com\/index.php\/absolute-60-location-cannes\/#breadcrumb"},"inLanguage":"fr-FR","potentialAction":[{"@type":"ReadAction","target":["https:\/\/absoluteboat.com\/index.php\/absolute-60-location-cannes\/"]}]},{"@type":"BreadcrumbList","@id":"https:\/\/absoluteboat.com\/index.php\/absolute-60-location-cannes\/#breadcrumb","itemListElement":[{"@type":"ListItem","position":1,"name":"Accueil","item":"https:\/\/absoluteboat.com\/"},{"@type":"ListItem","position":2,"name":"absolute-60-location-cannes"}]},{"@type":"WebSite","@id":"https:\/\/absoluteboat.com\/#website","url":"https:\/\/absoluteboat.com\/","name":"ABSOLUTE BOAT","description":"Location de bateaux et de yacht \u00e0 Cannes","publisher":{"@id":"https:\/\/absoluteboat.com\/#organization"},"potentialAction":[{"@type":"SearchAction","target":{"@type":"EntryPoint","urlTemplate":"https:\/\/absoluteboat.com\/?s={search_term_string}"},"query-input":{"@type":"PropertyValueSpecification","valueRequired":true,"valueName":"search_term_string"}}],"inLanguage":"fr-FR"},{"@type":"Organization","@id":"https:\/\/absoluteboat.com\/#organization","name":"ABSOLUTE BOAT","url":"https:\/\/absoluteboat.com\/","logo":{"@type":"ImageObject","inLanguage":"fr-FR","@id":"https:\/\/absoluteboat.com\/#\/schema\/logo\/image\/","url":"https:\/\/absoluteboat.com\/wp-content\/uploads\/2021\/04\/absoluteLogoSite.png","contentUrl":"https:\/\/absoluteboat.com\/wp-content\/uploads\/2021\/04\/absoluteLogoSite.png","width":1263,"height":123,"caption":"ABSOLUTE BOAT"},"image":{"@id":"https:\/\/absoluteboat.com\/#\/schema\/logo\/image\/"},"sameAs":["https:\/\/www.facebook.com\/AbsoluteBoatCoteDazur","https:\/\/x.com\/absoluteboat","https:\/\/www.instagram.com\/absoluteboatcannes\/","https:\/\/www.tiktok.com\/@absoluteboat","https:\/\/www.linkedin.com\/company\/absolute-boat-cote-dazur?trk=similar-pages_result-card_full-click"]}]}},"_links":{"self":[{"href":"https:\/\/absoluteboat.com\/index.php\/wp-json\/wp\/v2\/pages\/2239","targetHints":{"allow":["GET"]}}],"collection":[{"href":"https:\/\/absoluteboat.com\/index.php\/wp-json\/wp\/v2\/pages"}],"about":[{"href":"https:\/\/absoluteboat.com\/index.php\/wp-json\/wp\/v2\/types\/page"}],"author":[{"embeddable":true,"href":"https:\/\/absoluteboat.com\/index.php\/wp-json\/wp\/v2\/users\/1"}],"replies":[{"embeddable":true,"href":"https:\/\/absoluteboat.com\/index.php\/wp-json\/wp\/v2\/comments?post=2239"}],"version-history":[{"count":8,"href":"https:\/\/absoluteboat.com\/index.php\/wp-json\/wp\/v2\/pages\/2239\/revisions"}],"predecessor-version":[{"id":11828,"href":"https:\/\/absoluteboat.com\/index.php\/wp-json\/wp\/v2\/pages\/2239\/revisions\/11828"}],"wp:attachment":[{"href":"https:\/\/absoluteboat.com\/index.php\/wp-json\/wp\/v2\/media?parent=2239"}],"curies":[{"name":"wp","href":"https:\/\/api.w.org\/{rel}","templated":true}]}}